{"id":13579,"date":"2023-12-21T14:53:18","date_gmt":"2023-12-21T14:53:18","guid":{"rendered":"https:\/\/hsclabs.com\/?page_id=13579"},"modified":"2023-12-21T16:00:36","modified_gmt":"2023-12-21T16:00:36","slug":"infografico-mindaware","status":"publish","type":"page","link":"https:\/\/hsclabs.com\/pt-br\/infografico-mindaware\/","title":{"rendered":"Infogr\u00e1fico Comparativo: MindAware 360\u00b0 x MindAware Experience"},"content":{"rendered":"\t\t<div data-elementor-type=\"wp-page\" data-elementor-id=\"13579\" class=\"elementor elementor-13579\" data-elementor-settings=\"{&quot;ha_cmc_init_switcher&quot;:&quot;no&quot;}\" data-elementor-post-type=\"page\">\n\t\t\t\t\t\t<section class=\"elementor-section elementor-top-section elementor-element elementor-element-104ada10 elementor-section-boxed elementor-section-height-default elementor-section-height-default\" data-id=\"104ada10\" data-element_type=\"section\" data-e-type=\"section\" data-settings=\"{&quot;background_background&quot;:&quot;classic&quot;,&quot;_ha_eqh_enable&quot;:false}\">\n\t\t\t\t\t\t\t<div class=\"elementor-background-overlay\"><\/div>\n\t\t\t\t\t\t\t<div class=\"elementor-container elementor-column-gap-default\">\n\t\t\t\t\t<div class=\"elementor-column elementor-col-100 elementor-top-column elementor-element elementor-element-5cf20b33\" data-id=\"5cf20b33\" data-element_type=\"column\" data-e-type=\"column\">\n\t\t\t<div class=\"elementor-widget-wrap elementor-element-populated\">\n\t\t\t\t\t\t<section class=\"elementor-section elementor-inner-section elementor-element elementor-element-14072d6 elementor-section-boxed elementor-section-height-default elementor-section-height-default\" data-id=\"14072d6\" data-element_type=\"section\" data-e-type=\"section\" data-settings=\"{&quot;_ha_eqh_enable&quot;:false}\">\n\t\t\t\t\t\t<div class=\"elementor-container elementor-column-gap-default\">\n\t\t\t\t\t<div class=\"elementor-column elementor-col-50 elementor-inner-column elementor-element elementor-element-3037d7c4\" data-id=\"3037d7c4\" data-element_type=\"column\" data-e-type=\"column\">\n\t\t\t<div class=\"elementor-widget-wrap elementor-element-populated\">\n\t\t\t\t\t\t<div class=\"elementor-element elementor-element-54fb4e0c elementor-invisible elementor-widget elementor-widget-heading\" data-id=\"54fb4e0c\" data-element_type=\"widget\" data-e-type=\"widget\" data-settings=\"{&quot;_animation&quot;:&quot;fadeInRight&quot;}\" data-widget_type=\"heading.default\">\n\t\t\t\t<div class=\"elementor-widget-container\">\n\t\t\t\t\t<h1 class=\"elementor-heading-title elementor-size-default\">Infogr\u00e1fico<\/h1>\t\t\t\t<\/div>\n\t\t\t\t<\/div>\n\t\t\t\t<div class=\"elementor-element elementor-element-50e559b1 elementor-widget-divider--view-line elementor-invisible elementor-widget elementor-widget-divider\" data-id=\"50e559b1\" data-element_type=\"widget\" data-e-type=\"widget\" data-settings=\"{&quot;_animation&quot;:&quot;fadeInLeft&quot;}\" data-widget_type=\"divider.default\">\n\t\t\t\t<div class=\"elementor-widget-container\">\n\t\t\t\t\t\t\t<div class=\"elementor-divider\">\n\t\t\t<span class=\"elementor-divider-separator\">\n\t\t\t\t\t\t<\/span>\n\t\t<\/div>\n\t\t\t\t\t\t<\/div>\n\t\t\t\t<\/div>\n\t\t\t\t\t<\/div>\n\t\t<\/div>\n\t\t\t\t<div class=\"elementor-column elementor-col-50 elementor-inner-column elementor-element elementor-element-31738c58\" data-id=\"31738c58\" data-element_type=\"column\" data-e-type=\"column\">\n\t\t\t<div class=\"elementor-widget-wrap\">\n\t\t\t\t\t\t\t<\/div>\n\t\t<\/div>\n\t\t\t\t\t<\/div>\n\t\t<\/section>\n\t\t\t\t\t<\/div>\n\t\t<\/div>\n\t\t\t\t\t<\/div>\n\t\t<\/section>\n\t\t\t\t<section class=\"elementor-section elementor-top-section elementor-element elementor-element-524b7638 elementor-section-boxed elementor-section-height-default elementor-section-height-default\" data-id=\"524b7638\" data-element_type=\"section\" data-e-type=\"section\" data-settings=\"{&quot;background_background&quot;:&quot;classic&quot;,&quot;background_motion_fx_motion_fx_scrolling&quot;:&quot;yes&quot;,&quot;shape_divider_bottom&quot;:&quot;curve-asymmetrical&quot;,&quot;shape_divider_bottom_negative&quot;:&quot;yes&quot;,&quot;background_motion_fx_devices&quot;:[&quot;desktop&quot;,&quot;tablet&quot;,&quot;mobile&quot;],&quot;_ha_eqh_enable&quot;:false}\">\n\t\t\t\t\t\t\t<div class=\"elementor-background-overlay\"><\/div>\n\t\t\t\t\t\t<div class=\"elementor-shape elementor-shape-bottom\" aria-hidden=\"true\" data-negative=\"true\">\n\t\t\t<svg xmlns=\"http:\/\/www.w3.org\/2000\/svg\" viewBox=\"0 0 1000 100\" preserveAspectRatio=\"none\">\n\t<path class=\"elementor-shape-fill\" d=\"M615.2,96.7C240.2,97.8,0,18.9,0,0v100h1000V0C1000,19.2,989.8,96,615.2,96.7z\"\/>\n<\/svg>\t\t<\/div>\n\t\t\t\t\t<div class=\"elementor-container elementor-column-gap-default\">\n\t\t\t\t\t<div class=\"elementor-column elementor-col-50 elementor-top-column elementor-element elementor-element-6276da47 elementor-invisible\" data-id=\"6276da47\" data-element_type=\"column\" data-e-type=\"column\" data-settings=\"{&quot;animation&quot;:&quot;fadeInUp&quot;}\">\n\t\t\t<div class=\"elementor-widget-wrap elementor-element-populated\">\n\t\t\t\t\t\t<div class=\"elementor-element elementor-element-52be499d elementor-widget elementor-widget-heading\" data-id=\"52be499d\" data-element_type=\"widget\" data-e-type=\"widget\" data-widget_type=\"heading.default\">\n\t\t\t\t<div class=\"elementor-widget-container\">\n\t\t\t\t\t<h2 class=\"elementor-heading-title elementor-size-default\">MindAware<\/h2>\t\t\t\t<\/div>\n\t\t\t\t<\/div>\n\t\t\t\t<div class=\"elementor-element elementor-element-8af96ca elementor-widget-divider--view-line elementor-widget elementor-widget-divider\" data-id=\"8af96ca\" data-element_type=\"widget\" data-e-type=\"widget\" data-widget_type=\"divider.default\">\n\t\t\t\t<div class=\"elementor-widget-container\">\n\t\t\t\t\t\t\t<div class=\"elementor-divider\">\n\t\t\t<span class=\"elementor-divider-separator\">\n\t\t\t\t\t\t<\/span>\n\t\t<\/div>\n\t\t\t\t\t\t<\/div>\n\t\t\t\t<\/div>\n\t\t\t\t<div class=\"elementor-element elementor-element-33639858 elementor-widget elementor-widget-text-editor\" data-id=\"33639858\" data-element_type=\"widget\" data-e-type=\"widget\" data-widget_type=\"text-editor.default\">\n\t\t\t\t<div class=\"elementor-widget-container\">\n\t\t\t\t\t\t\t\t\t<p>Neste infogr\u00e1fico, n\u00f3s comparamos os dois modelos de Programa de Conscientiza\u00e7\u00e3o em Ciberseguran\u00e7a oferecidos pela HSC: o MindAware Experience e o MindAware 360\u00b0. Confira e veja qual \u00e9 a melhor op\u00e7\u00e3o para a sua empresa!<\/p>\t\t\t\t\t\t\t\t<\/div>\n\t\t\t\t<\/div>\n\t\t\t\t<div class=\"elementor-element elementor-element-35cb2d2 elementor-widget elementor-widget-button\" data-id=\"35cb2d2\" data-element_type=\"widget\" data-e-type=\"widget\" data-widget_type=\"button.default\">\n\t\t\t\t<div class=\"elementor-widget-container\">\n\t\t\t\t\t\t\t\t\t<div class=\"elementor-button-wrapper\">\n\t\t\t\t\t<a class=\"elementor-button elementor-button-link elementor-size-md elementor-animation-grow\" href=\"https:\/\/hsclabs.com\/pt-br\/infografico-comparativo-mindaware\/\" target=\"_blank\">\n\t\t\t\t\t\t<span class=\"elementor-button-content-wrapper\">\n\t\t\t\t\t\t<span class=\"elementor-button-icon\">\n\t\t\t\t<i aria-hidden=\"true\" class=\"hm hm-download\"><\/i>\t\t\t<\/span>\n\t\t\t\t\t\t\t\t\t<span class=\"elementor-button-text\">Download Aqui<\/span>\n\t\t\t\t\t<\/span>\n\t\t\t\t\t<\/a>\n\t\t\t\t<\/div>\n\t\t\t\t\t\t\t\t<\/div>\n\t\t\t\t<\/div>\n\t\t\t\t\t<\/div>\n\t\t<\/div>\n\t\t\t\t<div class=\"elementor-column elementor-col-50 elementor-top-column elementor-element elementor-element-2ef617fc\" data-id=\"2ef617fc\" data-element_type=\"column\" data-e-type=\"column\">\n\t\t\t<div class=\"elementor-widget-wrap elementor-element-populated\">\n\t\t\t\t\t\t<div class=\"elementor-element elementor-element-5b9f8e69 elementor-invisible elementor-widget elementor-widget-image\" data-id=\"5b9f8e69\" data-element_type=\"widget\" data-e-type=\"widget\" data-settings=\"{&quot;_animation&quot;:&quot;zoomIn&quot;}\" data-widget_type=\"image.default\">\n\t\t\t\t<div class=\"elementor-widget-container\">\n\t\t\t\t\t\t\t\t\t\t\t\t\t\t\t<img fetchpriority=\"high\" decoding=\"async\" width=\"401\" height=\"361\" src=\"https:\/\/hsclabs.com\/wp-content\/uploads\/2023\/12\/Infografico-MindAware-Experience-x-MindAware-360.png\" class=\"attachment-full size-full wp-image-13603\" alt=\"\" srcset=\"https:\/\/hsclabs.com\/wp-content\/uploads\/2023\/12\/Infografico-MindAware-Experience-x-MindAware-360.png 401w, https:\/\/hsclabs.com\/wp-content\/uploads\/2023\/12\/Infografico-MindAware-Experience-x-MindAware-360-300x270.png 300w\" sizes=\"(max-width: 401px) 100vw, 401px\" \/>\t\t\t\t\t\t\t\t\t\t\t\t\t\t\t<\/div>\n\t\t\t\t<\/div>\n\t\t\t\t\t<\/div>\n\t\t<\/div>\n\t\t\t\t\t<\/div>\n\t\t<\/section>\n\t\t\t\t<\/div>\n\t\t","protected":false},"excerpt":{"rendered":"<p>Infogr\u00e1fico MindAware Neste infogr\u00e1fico, n\u00f3s comparamos os dois modelos de Programa de Conscientiza\u00e7\u00e3o em Ciberseguran\u00e7a oferecidos pela HSC: o MindAware Experience e o MindAware 360\u00b0. Confira e veja qual \u00e9 a melhor op\u00e7\u00e3o para a sua empresa! Download Aqui<\/p>\n","protected":false},"author":1,"featured_media":13603,"parent":0,"menu_order":0,"comment_status":"closed","ping_status":"closed","template":"","meta":{"footnotes":""},"class_list":["post-13579","page","type-page","status-publish","has-post-thumbnail","hentry"],"yoast_head":"<!-- This site is optimized with the Yoast SEO plugin v27.4 - https:\/\/yoast.com\/product\/yoast-seo-wordpress\/ -->\n<title>Infogr\u00e1fico Comparativo: MindAware 360\u00b0 x MindAware Experience - HSC Labs<\/title>\n<meta name=\"description\" content=\"Se voc\u00ea busca uma solu\u00e7\u00e3o de conscientiza\u00e7\u00e3o em ciberseguran\u00e7a, conhe\u00e7a e compare os dois modelos oferecidos pela HSC.\" \/>\n<meta name=\"robots\" content=\"noindex, nofollow\" \/>\n<meta property=\"og:locale\" content=\"pt_BR\" \/>\n<meta property=\"og:type\" content=\"article\" \/>\n<meta property=\"og:title\" content=\"Infogr\u00e1fico Comparativo: MindAware 360\u00b0 x MindAware Experience - HSC Labs\" \/>\n<meta property=\"og:description\" content=\"Se voc\u00ea busca uma solu\u00e7\u00e3o de conscientiza\u00e7\u00e3o em ciberseguran\u00e7a, conhe\u00e7a e compare os dois modelos oferecidos pela HSC.\" \/>\n<meta property=\"og:url\" content=\"https:\/\/hsclabs.com\/pt-br\/infografico-mindaware\/\" \/>\n<meta property=\"og:site_name\" content=\"HSC Labs\" \/>\n<meta property=\"article:modified_time\" content=\"2023-12-21T16:00:36+00:00\" \/>\n<meta property=\"og:image\" content=\"https:\/\/hsclabs.com\/wp-content\/uploads\/2023\/12\/Infografico-MindAware-Experience-x-MindAware-360.png\" \/>\n\t<meta property=\"og:image:width\" content=\"401\" \/>\n\t<meta property=\"og:image:height\" content=\"361\" \/>\n\t<meta property=\"og:image:type\" content=\"image\/png\" \/>\n<meta name=\"twitter:card\" content=\"summary_large_image\" \/>\n<meta name=\"twitter:label1\" content=\"Est. tempo de leitura\" \/>\n\t<meta name=\"twitter:data1\" content=\"1 minuto\" \/>\n<script type=\"application\/ld+json\" class=\"yoast-schema-graph\">{\"@context\":\"https:\\\/\\\/schema.org\",\"@graph\":[{\"@type\":\"WebPage\",\"@id\":\"https:\\\/\\\/hsclabs.com\\\/pt-br\\\/infografico-mindaware\\\/\",\"url\":\"https:\\\/\\\/hsclabs.com\\\/pt-br\\\/infografico-mindaware\\\/\",\"name\":\"Infogr\u00e1fico Comparativo: MindAware 360\u00b0 x MindAware Experience - HSC Labs\",\"isPartOf\":{\"@id\":\"https:\\\/\\\/hsclabs.com\\\/pt-br\\\/#website\"},\"primaryImageOfPage\":{\"@id\":\"https:\\\/\\\/hsclabs.com\\\/pt-br\\\/infografico-mindaware\\\/#primaryimage\"},\"image\":{\"@id\":\"https:\\\/\\\/hsclabs.com\\\/pt-br\\\/infografico-mindaware\\\/#primaryimage\"},\"thumbnailUrl\":\"https:\\\/\\\/hsclabs.com\\\/wp-content\\\/uploads\\\/2023\\\/12\\\/Infografico-MindAware-Experience-x-MindAware-360.png\",\"datePublished\":\"2023-12-21T14:53:18+00:00\",\"dateModified\":\"2023-12-21T16:00:36+00:00\",\"description\":\"Se voc\u00ea busca uma solu\u00e7\u00e3o de conscientiza\u00e7\u00e3o em ciberseguran\u00e7a, conhe\u00e7a e compare os dois modelos oferecidos pela HSC.\",\"breadcrumb\":{\"@id\":\"https:\\\/\\\/hsclabs.com\\\/pt-br\\\/infografico-mindaware\\\/#breadcrumb\"},\"inLanguage\":\"pt-BR\",\"potentialAction\":[{\"@type\":\"ReadAction\",\"target\":[\"https:\\\/\\\/hsclabs.com\\\/pt-br\\\/infografico-mindaware\\\/\"]}]},{\"@type\":\"ImageObject\",\"inLanguage\":\"pt-BR\",\"@id\":\"https:\\\/\\\/hsclabs.com\\\/pt-br\\\/infografico-mindaware\\\/#primaryimage\",\"url\":\"https:\\\/\\\/hsclabs.com\\\/wp-content\\\/uploads\\\/2023\\\/12\\\/Infografico-MindAware-Experience-x-MindAware-360.png\",\"contentUrl\":\"https:\\\/\\\/hsclabs.com\\\/wp-content\\\/uploads\\\/2023\\\/12\\\/Infografico-MindAware-Experience-x-MindAware-360.png\",\"width\":401,\"height\":361},{\"@type\":\"BreadcrumbList\",\"@id\":\"https:\\\/\\\/hsclabs.com\\\/pt-br\\\/infografico-mindaware\\\/#breadcrumb\",\"itemListElement\":[{\"@type\":\"ListItem\",\"position\":1,\"name\":\"Home\",\"item\":\"https:\\\/\\\/hsclabs.com\\\/pt-br\\\/\"},{\"@type\":\"ListItem\",\"position\":2,\"name\":\"Infogr\u00e1fico Comparativo: MindAware 360\u00b0 x MindAware Experience\"}]},{\"@type\":\"WebSite\",\"@id\":\"https:\\\/\\\/hsclabs.com\\\/pt-br\\\/#website\",\"url\":\"https:\\\/\\\/hsclabs.com\\\/pt-br\\\/\",\"name\":\"HSC Cybersecurity\",\"description\":\"Full-scope cybersecurity solutions\",\"publisher\":{\"@id\":\"https:\\\/\\\/hsclabs.com\\\/pt-br\\\/#organization\"},\"potentialAction\":[{\"@type\":\"SearchAction\",\"target\":{\"@type\":\"EntryPoint\",\"urlTemplate\":\"https:\\\/\\\/hsclabs.com\\\/pt-br\\\/?s={search_term_string}\"},\"query-input\":{\"@type\":\"PropertyValueSpecification\",\"valueRequired\":true,\"valueName\":\"search_term_string\"}}],\"inLanguage\":\"pt-BR\"},{\"@type\":\"Organization\",\"@id\":\"https:\\\/\\\/hsclabs.com\\\/pt-br\\\/#organization\",\"name\":\"HSC Cybersecurity\",\"url\":\"https:\\\/\\\/hsclabs.com\\\/pt-br\\\/\",\"logo\":{\"@type\":\"ImageObject\",\"inLanguage\":\"pt-BR\",\"@id\":\"https:\\\/\\\/hsclabs.com\\\/pt-br\\\/#\\\/schema\\\/logo\\\/image\\\/\",\"url\":\"https:\\\/\\\/hsclabs.com\\\/wp-content\\\/uploads\\\/2023\\\/07\\\/cropped-Logo-HSC-01.png\",\"contentUrl\":\"https:\\\/\\\/hsclabs.com\\\/wp-content\\\/uploads\\\/2023\\\/07\\\/cropped-Logo-HSC-01.png\",\"width\":1496,\"height\":510,\"caption\":\"HSC Cybersecurity\"},\"image\":{\"@id\":\"https:\\\/\\\/hsclabs.com\\\/pt-br\\\/#\\\/schema\\\/logo\\\/image\\\/\"},\"sameAs\":[\"https:\\\/\\\/www.linkedin.com\\\/company\\\/high-security-center\\\/\",\"https:\\\/\\\/www.instagram.com\\\/hsclabs\"]}]}<\/script>\n<!-- \/ Yoast SEO plugin. -->","yoast_head_json":{"title":"Infogr\u00e1fico Comparativo: MindAware 360\u00b0 x MindAware Experience - HSC Labs","description":"Se voc\u00ea busca uma solu\u00e7\u00e3o de conscientiza\u00e7\u00e3o em ciberseguran\u00e7a, conhe\u00e7a e compare os dois modelos oferecidos pela HSC.","robots":{"index":"noindex","follow":"nofollow"},"og_locale":"pt_BR","og_type":"article","og_title":"Infogr\u00e1fico Comparativo: MindAware 360\u00b0 x MindAware Experience - HSC Labs","og_description":"Se voc\u00ea busca uma solu\u00e7\u00e3o de conscientiza\u00e7\u00e3o em ciberseguran\u00e7a, conhe\u00e7a e compare os dois modelos oferecidos pela HSC.","og_url":"https:\/\/hsclabs.com\/pt-br\/infografico-mindaware\/","og_site_name":"HSC Labs","article_modified_time":"2023-12-21T16:00:36+00:00","og_image":[{"width":401,"height":361,"url":"https:\/\/hsclabs.com\/wp-content\/uploads\/2023\/12\/Infografico-MindAware-Experience-x-MindAware-360.png","type":"image\/png"}],"twitter_card":"summary_large_image","twitter_misc":{"Est. tempo de leitura":"1 minuto"},"schema":{"@context":"https:\/\/schema.org","@graph":[{"@type":"WebPage","@id":"https:\/\/hsclabs.com\/pt-br\/infografico-mindaware\/","url":"https:\/\/hsclabs.com\/pt-br\/infografico-mindaware\/","name":"Infogr\u00e1fico Comparativo: MindAware 360\u00b0 x MindAware Experience - HSC Labs","isPartOf":{"@id":"https:\/\/hsclabs.com\/pt-br\/#website"},"primaryImageOfPage":{"@id":"https:\/\/hsclabs.com\/pt-br\/infografico-mindaware\/#primaryimage"},"image":{"@id":"https:\/\/hsclabs.com\/pt-br\/infografico-mindaware\/#primaryimage"},"thumbnailUrl":"https:\/\/hsclabs.com\/wp-content\/uploads\/2023\/12\/Infografico-MindAware-Experience-x-MindAware-360.png","datePublished":"2023-12-21T14:53:18+00:00","dateModified":"2023-12-21T16:00:36+00:00","description":"Se voc\u00ea busca uma solu\u00e7\u00e3o de conscientiza\u00e7\u00e3o em ciberseguran\u00e7a, conhe\u00e7a e compare os dois modelos oferecidos pela HSC.","breadcrumb":{"@id":"https:\/\/hsclabs.com\/pt-br\/infografico-mindaware\/#breadcrumb"},"inLanguage":"pt-BR","potentialAction":[{"@type":"ReadAction","target":["https:\/\/hsclabs.com\/pt-br\/infografico-mindaware\/"]}]},{"@type":"ImageObject","inLanguage":"pt-BR","@id":"https:\/\/hsclabs.com\/pt-br\/infografico-mindaware\/#primaryimage","url":"https:\/\/hsclabs.com\/wp-content\/uploads\/2023\/12\/Infografico-MindAware-Experience-x-MindAware-360.png","contentUrl":"https:\/\/hsclabs.com\/wp-content\/uploads\/2023\/12\/Infografico-MindAware-Experience-x-MindAware-360.png","width":401,"height":361},{"@type":"BreadcrumbList","@id":"https:\/\/hsclabs.com\/pt-br\/infografico-mindaware\/#breadcrumb","itemListElement":[{"@type":"ListItem","position":1,"name":"Home","item":"https:\/\/hsclabs.com\/pt-br\/"},{"@type":"ListItem","position":2,"name":"Infogr\u00e1fico Comparativo: MindAware 360\u00b0 x MindAware Experience"}]},{"@type":"WebSite","@id":"https:\/\/hsclabs.com\/pt-br\/#website","url":"https:\/\/hsclabs.com\/pt-br\/","name":"HSC Cybersecurity","description":"Full-scope cybersecurity solutions","publisher":{"@id":"https:\/\/hsclabs.com\/pt-br\/#organization"},"potentialAction":[{"@type":"SearchAction","target":{"@type":"EntryPoint","urlTemplate":"https:\/\/hsclabs.com\/pt-br\/?s={search_term_string}"},"query-input":{"@type":"PropertyValueSpecification","valueRequired":true,"valueName":"search_term_string"}}],"inLanguage":"pt-BR"},{"@type":"Organization","@id":"https:\/\/hsclabs.com\/pt-br\/#organization","name":"HSC Cybersecurity","url":"https:\/\/hsclabs.com\/pt-br\/","logo":{"@type":"ImageObject","inLanguage":"pt-BR","@id":"https:\/\/hsclabs.com\/pt-br\/#\/schema\/logo\/image\/","url":"https:\/\/hsclabs.com\/wp-content\/uploads\/2023\/07\/cropped-Logo-HSC-01.png","contentUrl":"https:\/\/hsclabs.com\/wp-content\/uploads\/2023\/07\/cropped-Logo-HSC-01.png","width":1496,"height":510,"caption":"HSC Cybersecurity"},"image":{"@id":"https:\/\/hsclabs.com\/pt-br\/#\/schema\/logo\/image\/"},"sameAs":["https:\/\/www.linkedin.com\/company\/high-security-center\/","https:\/\/www.instagram.com\/hsclabs"]}]}},"_links":{"self":[{"href":"https:\/\/hsclabs.com\/pt-br\/wp-json\/wp\/v2\/pages\/13579","targetHints":{"allow":["GET"]}}],"collection":[{"href":"https:\/\/hsclabs.com\/pt-br\/wp-json\/wp\/v2\/pages"}],"about":[{"href":"https:\/\/hsclabs.com\/pt-br\/wp-json\/wp\/v2\/types\/page"}],"author":[{"embeddable":true,"href":"https:\/\/hsclabs.com\/pt-br\/wp-json\/wp\/v2\/users\/1"}],"replies":[{"embeddable":true,"href":"https:\/\/hsclabs.com\/pt-br\/wp-json\/wp\/v2\/comments?post=13579"}],"version-history":[{"count":16,"href":"https:\/\/hsclabs.com\/pt-br\/wp-json\/wp\/v2\/pages\/13579\/revisions"}],"predecessor-version":[{"id":13620,"href":"https:\/\/hsclabs.com\/pt-br\/wp-json\/wp\/v2\/pages\/13579\/revisions\/13620"}],"wp:featuredmedia":[{"embeddable":true,"href":"https:\/\/hsclabs.com\/pt-br\/wp-json\/wp\/v2\/media\/13603"}],"wp:attachment":[{"href":"https:\/\/hsclabs.com\/pt-br\/wp-json\/wp\/v2\/media?parent=13579"}],"curies":[{"name":"wp","href":"https:\/\/api.w.org\/{rel}","templated":true}]}}