{"id":14993,"date":"2024-07-09T18:37:24","date_gmt":"2024-07-09T18:37:24","guid":{"rendered":"https:\/\/hsclabs.com\/?page_id=14993"},"modified":"2024-07-09T18:39:59","modified_gmt":"2024-07-09T18:39:59","slug":"case-ministerio-da-defesa-mailinspector","status":"publish","type":"page","link":"https:\/\/hsclabs.com\/pt-br\/case-ministerio-da-defesa-mailinspector\/","title":{"rendered":"Case de Sucesso &#8211; Minist\u00e9rio da Defesa"},"content":{"rendered":"\t\t<div data-elementor-type=\"wp-page\" data-elementor-id=\"14993\" class=\"elementor elementor-14993\" data-elementor-settings=\"{&quot;ha_cmc_init_switcher&quot;:&quot;no&quot;}\" data-elementor-post-type=\"page\">\n\t\t\t\t\t\t<section class=\"elementor-section elementor-top-section elementor-element elementor-element-104ada10 elementor-section-boxed elementor-section-height-default elementor-section-height-default\" data-id=\"104ada10\" data-element_type=\"section\" data-e-type=\"section\" data-settings=\"{&quot;background_background&quot;:&quot;classic&quot;,&quot;_ha_eqh_enable&quot;:false}\">\n\t\t\t\t\t\t\t<div class=\"elementor-background-overlay\"><\/div>\n\t\t\t\t\t\t\t<div class=\"elementor-container elementor-column-gap-default\">\n\t\t\t\t\t<div class=\"elementor-column elementor-col-100 elementor-top-column elementor-element elementor-element-5cf20b33\" data-id=\"5cf20b33\" data-element_type=\"column\" data-e-type=\"column\">\n\t\t\t<div class=\"elementor-widget-wrap elementor-element-populated\">\n\t\t\t\t\t\t<section class=\"elementor-section elementor-inner-section elementor-element elementor-element-14072d6 elementor-section-boxed elementor-section-height-default elementor-section-height-default\" data-id=\"14072d6\" data-element_type=\"section\" data-e-type=\"section\" data-settings=\"{&quot;_ha_eqh_enable&quot;:false}\">\n\t\t\t\t\t\t<div class=\"elementor-container elementor-column-gap-default\">\n\t\t\t\t\t<div class=\"elementor-column elementor-col-50 elementor-inner-column elementor-element elementor-element-3037d7c4\" data-id=\"3037d7c4\" data-element_type=\"column\" data-e-type=\"column\">\n\t\t\t<div class=\"elementor-widget-wrap elementor-element-populated\">\n\t\t\t\t\t\t<div class=\"elementor-element elementor-element-54fb4e0c elementor-invisible elementor-widget elementor-widget-heading\" data-id=\"54fb4e0c\" data-element_type=\"widget\" data-e-type=\"widget\" data-settings=\"{&quot;_animation&quot;:&quot;fadeInRight&quot;}\" data-widget_type=\"heading.default\">\n\t\t\t\t<div class=\"elementor-widget-container\">\n\t\t\t\t\t<h1 class=\"elementor-heading-title elementor-size-default\">Case de Sucesso<\/h1>\t\t\t\t<\/div>\n\t\t\t\t<\/div>\n\t\t\t\t<div class=\"elementor-element elementor-element-50e559b1 elementor-widget-divider--view-line elementor-invisible elementor-widget elementor-widget-divider\" data-id=\"50e559b1\" data-element_type=\"widget\" data-e-type=\"widget\" data-settings=\"{&quot;_animation&quot;:&quot;fadeInLeft&quot;}\" data-widget_type=\"divider.default\">\n\t\t\t\t<div class=\"elementor-widget-container\">\n\t\t\t\t\t\t\t<div class=\"elementor-divider\">\n\t\t\t<span class=\"elementor-divider-separator\">\n\t\t\t\t\t\t<\/span>\n\t\t<\/div>\n\t\t\t\t\t\t<\/div>\n\t\t\t\t<\/div>\n\t\t\t\t\t<\/div>\n\t\t<\/div>\n\t\t\t\t<div class=\"elementor-column elementor-col-50 elementor-inner-column elementor-element elementor-element-31738c58\" data-id=\"31738c58\" data-element_type=\"column\" data-e-type=\"column\">\n\t\t\t<div class=\"elementor-widget-wrap\">\n\t\t\t\t\t\t\t<\/div>\n\t\t<\/div>\n\t\t\t\t\t<\/div>\n\t\t<\/section>\n\t\t\t\t\t<\/div>\n\t\t<\/div>\n\t\t\t\t\t<\/div>\n\t\t<\/section>\n\t\t\t\t<section class=\"elementor-section elementor-top-section elementor-element elementor-element-524b7638 elementor-section-boxed elementor-section-height-default elementor-section-height-default\" data-id=\"524b7638\" data-element_type=\"section\" data-e-type=\"section\" data-settings=\"{&quot;background_background&quot;:&quot;classic&quot;,&quot;background_motion_fx_motion_fx_scrolling&quot;:&quot;yes&quot;,&quot;shape_divider_bottom&quot;:&quot;curve-asymmetrical&quot;,&quot;shape_divider_bottom_negative&quot;:&quot;yes&quot;,&quot;background_motion_fx_devices&quot;:[&quot;desktop&quot;,&quot;tablet&quot;,&quot;mobile&quot;],&quot;_ha_eqh_enable&quot;:false}\">\n\t\t\t\t\t\t\t<div class=\"elementor-background-overlay\"><\/div>\n\t\t\t\t\t\t<div class=\"elementor-shape elementor-shape-bottom\" aria-hidden=\"true\" data-negative=\"true\">\n\t\t\t<svg xmlns=\"http:\/\/www.w3.org\/2000\/svg\" viewBox=\"0 0 1000 100\" preserveAspectRatio=\"none\">\n\t<path class=\"elementor-shape-fill\" d=\"M615.2,96.7C240.2,97.8,0,18.9,0,0v100h1000V0C1000,19.2,989.8,96,615.2,96.7z\"\/>\n<\/svg>\t\t<\/div>\n\t\t\t\t\t<div class=\"elementor-container elementor-column-gap-default\">\n\t\t\t\t\t<div class=\"elementor-column elementor-col-50 elementor-top-column elementor-element elementor-element-6276da47 elementor-invisible\" data-id=\"6276da47\" data-element_type=\"column\" data-e-type=\"column\" data-settings=\"{&quot;animation&quot;:&quot;fadeInUp&quot;}\">\n\t\t\t<div class=\"elementor-widget-wrap elementor-element-populated\">\n\t\t\t\t\t\t<div class=\"elementor-element elementor-element-52be499d elementor-widget elementor-widget-heading\" data-id=\"52be499d\" data-element_type=\"widget\" data-e-type=\"widget\" data-widget_type=\"heading.default\">\n\t\t\t\t<div class=\"elementor-widget-container\">\n\t\t\t\t\t<h2 class=\"elementor-heading-title elementor-size-default\">Como a HSC fortaleceu a prote\u00e7\u00e3o contra amea\u00e7as no Minist\u00e9rio da Defesa<\/h2>\t\t\t\t<\/div>\n\t\t\t\t<\/div>\n\t\t\t\t<div class=\"elementor-element elementor-element-8af96ca elementor-widget-divider--view-line elementor-widget elementor-widget-divider\" data-id=\"8af96ca\" data-element_type=\"widget\" data-e-type=\"widget\" data-widget_type=\"divider.default\">\n\t\t\t\t<div class=\"elementor-widget-container\">\n\t\t\t\t\t\t\t<div class=\"elementor-divider\">\n\t\t\t<span class=\"elementor-divider-separator\">\n\t\t\t\t\t\t<\/span>\n\t\t<\/div>\n\t\t\t\t\t\t<\/div>\n\t\t\t\t<\/div>\n\t\t\t\t<div class=\"elementor-element elementor-element-33639858 elementor-widget elementor-widget-text-editor\" data-id=\"33639858\" data-element_type=\"widget\" data-e-type=\"widget\" data-widget_type=\"text-editor.default\">\n\t\t\t\t<div class=\"elementor-widget-container\">\n\t\t\t\t\t\t\t\t\t<p>Neste estudo de caso, n\u00f3s mostramos os resultados que o Minist\u00e9rio da Defesa alcan\u00e7ou depois de implementar o MailInspector. Confira!<\/p>\t\t\t\t\t\t\t\t<\/div>\n\t\t\t\t<\/div>\n\t\t\t\t<div class=\"elementor-element elementor-element-35cb2d2 elementor-widget elementor-widget-button\" data-id=\"35cb2d2\" data-element_type=\"widget\" data-e-type=\"widget\" data-widget_type=\"button.default\">\n\t\t\t\t<div class=\"elementor-widget-container\">\n\t\t\t\t\t\t\t\t\t<div class=\"elementor-button-wrapper\">\n\t\t\t\t\t<a class=\"elementor-button elementor-button-link elementor-size-md elementor-animation-grow\" href=\"https:\/\/hsclabs.com\/pt-br\/pdf-case-ministerio-da-defesa-mailinspector\/\" target=\"_blank\">\n\t\t\t\t\t\t<span class=\"elementor-button-content-wrapper\">\n\t\t\t\t\t\t<span class=\"elementor-button-icon\">\n\t\t\t\t<i aria-hidden=\"true\" class=\"hm hm-download\"><\/i>\t\t\t<\/span>\n\t\t\t\t\t\t\t\t\t<span class=\"elementor-button-text\">Download Aqui<\/span>\n\t\t\t\t\t<\/span>\n\t\t\t\t\t<\/a>\n\t\t\t\t<\/div>\n\t\t\t\t\t\t\t\t<\/div>\n\t\t\t\t<\/div>\n\t\t\t\t\t<\/div>\n\t\t<\/div>\n\t\t\t\t<div class=\"elementor-column elementor-col-50 elementor-top-column elementor-element elementor-element-2ef617fc\" data-id=\"2ef617fc\" data-element_type=\"column\" data-e-type=\"column\">\n\t\t\t<div class=\"elementor-widget-wrap elementor-element-populated\">\n\t\t\t\t\t\t<div class=\"elementor-element elementor-element-5b9f8e69 elementor-invisible elementor-widget elementor-widget-image\" data-id=\"5b9f8e69\" data-element_type=\"widget\" data-e-type=\"widget\" data-settings=\"{&quot;_animation&quot;:&quot;zoomIn&quot;}\" data-widget_type=\"image.default\">\n\t\t\t\t<div class=\"elementor-widget-container\">\n\t\t\t\t\t\t\t\t\t\t\t\t\t\t\t<img fetchpriority=\"high\" decoding=\"async\" width=\"401\" height=\"361\" src=\"https:\/\/hsclabs.com\/wp-content\/uploads\/2024\/07\/case-de-sucesso-Ministerio-da-Defesa.png\" class=\"attachment-full size-full wp-image-14982\" alt=\"\" srcset=\"https:\/\/hsclabs.com\/wp-content\/uploads\/2024\/07\/case-de-sucesso-Ministerio-da-Defesa.png 401w, https:\/\/hsclabs.com\/wp-content\/uploads\/2024\/07\/case-de-sucesso-Ministerio-da-Defesa-300x270.png 300w\" sizes=\"(max-width: 401px) 100vw, 401px\" \/>\t\t\t\t\t\t\t\t\t\t\t\t\t\t\t<\/div>\n\t\t\t\t<\/div>\n\t\t\t\t\t<\/div>\n\t\t<\/div>\n\t\t\t\t\t<\/div>\n\t\t<\/section>\n\t\t\t\t<\/div>\n\t\t","protected":false},"excerpt":{"rendered":"<p>Case de Sucesso Como a HSC fortaleceu a prote\u00e7\u00e3o contra amea\u00e7as no Minist\u00e9rio da Defesa Neste estudo de caso, n\u00f3s mostramos os resultados que o Minist\u00e9rio da Defesa alcan\u00e7ou depois de implementar o MailInspector. Confira! Download Aqui<\/p>\n","protected":false},"author":1,"featured_media":14982,"parent":0,"menu_order":0,"comment_status":"closed","ping_status":"closed","template":"","meta":{"footnotes":""},"class_list":["post-14993","page","type-page","status-publish","has-post-thumbnail","hentry"],"yoast_head":"<!-- This site is optimized with the Yoast SEO plugin v27.4 - https:\/\/yoast.com\/product\/yoast-seo-wordpress\/ -->\n<title>Case de Sucesso - Minist\u00e9rio da Defesa - HSC Labs<\/title>\n<meta name=\"description\" content=\"Leia nosso case de sucesso e veja como a HSC trouxe ganhos para a prote\u00e7\u00e3o contra amea\u00e7as no Minist\u00e9rio da Defesa.\" \/>\n<meta name=\"robots\" content=\"index, follow, max-snippet:-1, max-image-preview:large, max-video-preview:-1\" \/>\n<link rel=\"canonical\" href=\"https:\/\/hsclabs.com\/pt-br\/case-ministerio-da-defesa-mailinspector\/\" \/>\n<meta property=\"og:locale\" content=\"pt_BR\" \/>\n<meta property=\"og:type\" content=\"article\" \/>\n<meta property=\"og:title\" content=\"Case de Sucesso - Minist\u00e9rio da Defesa - HSC Labs\" \/>\n<meta property=\"og:description\" content=\"Leia nosso case de sucesso e veja como a HSC trouxe ganhos para a prote\u00e7\u00e3o contra amea\u00e7as no Minist\u00e9rio da Defesa.\" \/>\n<meta property=\"og:url\" content=\"https:\/\/hsclabs.com\/pt-br\/case-ministerio-da-defesa-mailinspector\/\" \/>\n<meta property=\"og:site_name\" content=\"HSC Labs\" \/>\n<meta property=\"article:modified_time\" content=\"2024-07-09T18:39:59+00:00\" \/>\n<meta property=\"og:image\" content=\"https:\/\/hsclabs.com\/wp-content\/uploads\/2024\/07\/case-de-sucesso-Ministerio-da-Defesa.png\" \/>\n\t<meta property=\"og:image:width\" content=\"401\" \/>\n\t<meta property=\"og:image:height\" content=\"361\" \/>\n\t<meta property=\"og:image:type\" content=\"image\/png\" \/>\n<meta name=\"twitter:card\" content=\"summary_large_image\" \/>\n<meta name=\"twitter:label1\" content=\"Est. tempo de leitura\" \/>\n\t<meta name=\"twitter:data1\" content=\"1 minuto\" \/>\n<script type=\"application\/ld+json\" class=\"yoast-schema-graph\">{\"@context\":\"https:\\\/\\\/schema.org\",\"@graph\":[{\"@type\":\"WebPage\",\"@id\":\"https:\\\/\\\/hsclabs.com\\\/pt-br\\\/case-ministerio-da-defesa-mailinspector\\\/\",\"url\":\"https:\\\/\\\/hsclabs.com\\\/pt-br\\\/case-ministerio-da-defesa-mailinspector\\\/\",\"name\":\"Case de Sucesso - Minist\u00e9rio da Defesa - HSC Labs\",\"isPartOf\":{\"@id\":\"https:\\\/\\\/hsclabs.com\\\/pt-br\\\/#website\"},\"primaryImageOfPage\":{\"@id\":\"https:\\\/\\\/hsclabs.com\\\/pt-br\\\/case-ministerio-da-defesa-mailinspector\\\/#primaryimage\"},\"image\":{\"@id\":\"https:\\\/\\\/hsclabs.com\\\/pt-br\\\/case-ministerio-da-defesa-mailinspector\\\/#primaryimage\"},\"thumbnailUrl\":\"https:\\\/\\\/hsclabs.com\\\/wp-content\\\/uploads\\\/2024\\\/07\\\/case-de-sucesso-Ministerio-da-Defesa.png\",\"datePublished\":\"2024-07-09T18:37:24+00:00\",\"dateModified\":\"2024-07-09T18:39:59+00:00\",\"description\":\"Leia nosso case de sucesso e veja como a HSC trouxe ganhos para a prote\u00e7\u00e3o contra amea\u00e7as no Minist\u00e9rio da Defesa.\",\"breadcrumb\":{\"@id\":\"https:\\\/\\\/hsclabs.com\\\/pt-br\\\/case-ministerio-da-defesa-mailinspector\\\/#breadcrumb\"},\"inLanguage\":\"pt-BR\",\"potentialAction\":[{\"@type\":\"ReadAction\",\"target\":[\"https:\\\/\\\/hsclabs.com\\\/pt-br\\\/case-ministerio-da-defesa-mailinspector\\\/\"]}]},{\"@type\":\"ImageObject\",\"inLanguage\":\"pt-BR\",\"@id\":\"https:\\\/\\\/hsclabs.com\\\/pt-br\\\/case-ministerio-da-defesa-mailinspector\\\/#primaryimage\",\"url\":\"https:\\\/\\\/hsclabs.com\\\/wp-content\\\/uploads\\\/2024\\\/07\\\/case-de-sucesso-Ministerio-da-Defesa.png\",\"contentUrl\":\"https:\\\/\\\/hsclabs.com\\\/wp-content\\\/uploads\\\/2024\\\/07\\\/case-de-sucesso-Ministerio-da-Defesa.png\",\"width\":401,\"height\":361},{\"@type\":\"BreadcrumbList\",\"@id\":\"https:\\\/\\\/hsclabs.com\\\/pt-br\\\/case-ministerio-da-defesa-mailinspector\\\/#breadcrumb\",\"itemListElement\":[{\"@type\":\"ListItem\",\"position\":1,\"name\":\"Home\",\"item\":\"https:\\\/\\\/hsclabs.com\\\/pt-br\\\/\"},{\"@type\":\"ListItem\",\"position\":2,\"name\":\"Case de Sucesso &#8211; Minist\u00e9rio da Defesa\"}]},{\"@type\":\"WebSite\",\"@id\":\"https:\\\/\\\/hsclabs.com\\\/pt-br\\\/#website\",\"url\":\"https:\\\/\\\/hsclabs.com\\\/pt-br\\\/\",\"name\":\"HSC Cybersecurity\",\"description\":\"Full-scope cybersecurity solutions\",\"publisher\":{\"@id\":\"https:\\\/\\\/hsclabs.com\\\/pt-br\\\/#organization\"},\"potentialAction\":[{\"@type\":\"SearchAction\",\"target\":{\"@type\":\"EntryPoint\",\"urlTemplate\":\"https:\\\/\\\/hsclabs.com\\\/pt-br\\\/?s={search_term_string}\"},\"query-input\":{\"@type\":\"PropertyValueSpecification\",\"valueRequired\":true,\"valueName\":\"search_term_string\"}}],\"inLanguage\":\"pt-BR\"},{\"@type\":\"Organization\",\"@id\":\"https:\\\/\\\/hsclabs.com\\\/pt-br\\\/#organization\",\"name\":\"HSC Cybersecurity\",\"url\":\"https:\\\/\\\/hsclabs.com\\\/pt-br\\\/\",\"logo\":{\"@type\":\"ImageObject\",\"inLanguage\":\"pt-BR\",\"@id\":\"https:\\\/\\\/hsclabs.com\\\/pt-br\\\/#\\\/schema\\\/logo\\\/image\\\/\",\"url\":\"https:\\\/\\\/hsclabs.com\\\/wp-content\\\/uploads\\\/2023\\\/07\\\/cropped-Logo-HSC-01.png\",\"contentUrl\":\"https:\\\/\\\/hsclabs.com\\\/wp-content\\\/uploads\\\/2023\\\/07\\\/cropped-Logo-HSC-01.png\",\"width\":1496,\"height\":510,\"caption\":\"HSC Cybersecurity\"},\"image\":{\"@id\":\"https:\\\/\\\/hsclabs.com\\\/pt-br\\\/#\\\/schema\\\/logo\\\/image\\\/\"},\"sameAs\":[\"https:\\\/\\\/www.linkedin.com\\\/company\\\/high-security-center\\\/\",\"https:\\\/\\\/www.instagram.com\\\/hsclabs\"]}]}<\/script>\n<!-- \/ Yoast SEO plugin. -->","yoast_head_json":{"title":"Case de Sucesso - Minist\u00e9rio da Defesa - HSC Labs","description":"Leia nosso case de sucesso e veja como a HSC trouxe ganhos para a prote\u00e7\u00e3o contra amea\u00e7as no Minist\u00e9rio da Defesa.","robots":{"index":"index","follow":"follow","max-snippet":"max-snippet:-1","max-image-preview":"max-image-preview:large","max-video-preview":"max-video-preview:-1"},"canonical":"https:\/\/hsclabs.com\/pt-br\/case-ministerio-da-defesa-mailinspector\/","og_locale":"pt_BR","og_type":"article","og_title":"Case de Sucesso - Minist\u00e9rio da Defesa - HSC Labs","og_description":"Leia nosso case de sucesso e veja como a HSC trouxe ganhos para a prote\u00e7\u00e3o contra amea\u00e7as no Minist\u00e9rio da Defesa.","og_url":"https:\/\/hsclabs.com\/pt-br\/case-ministerio-da-defesa-mailinspector\/","og_site_name":"HSC Labs","article_modified_time":"2024-07-09T18:39:59+00:00","og_image":[{"width":401,"height":361,"url":"https:\/\/hsclabs.com\/wp-content\/uploads\/2024\/07\/case-de-sucesso-Ministerio-da-Defesa.png","type":"image\/png"}],"twitter_card":"summary_large_image","twitter_misc":{"Est. tempo de leitura":"1 minuto"},"schema":{"@context":"https:\/\/schema.org","@graph":[{"@type":"WebPage","@id":"https:\/\/hsclabs.com\/pt-br\/case-ministerio-da-defesa-mailinspector\/","url":"https:\/\/hsclabs.com\/pt-br\/case-ministerio-da-defesa-mailinspector\/","name":"Case de Sucesso - Minist\u00e9rio da Defesa - HSC Labs","isPartOf":{"@id":"https:\/\/hsclabs.com\/pt-br\/#website"},"primaryImageOfPage":{"@id":"https:\/\/hsclabs.com\/pt-br\/case-ministerio-da-defesa-mailinspector\/#primaryimage"},"image":{"@id":"https:\/\/hsclabs.com\/pt-br\/case-ministerio-da-defesa-mailinspector\/#primaryimage"},"thumbnailUrl":"https:\/\/hsclabs.com\/wp-content\/uploads\/2024\/07\/case-de-sucesso-Ministerio-da-Defesa.png","datePublished":"2024-07-09T18:37:24+00:00","dateModified":"2024-07-09T18:39:59+00:00","description":"Leia nosso case de sucesso e veja como a HSC trouxe ganhos para a prote\u00e7\u00e3o contra amea\u00e7as no Minist\u00e9rio da Defesa.","breadcrumb":{"@id":"https:\/\/hsclabs.com\/pt-br\/case-ministerio-da-defesa-mailinspector\/#breadcrumb"},"inLanguage":"pt-BR","potentialAction":[{"@type":"ReadAction","target":["https:\/\/hsclabs.com\/pt-br\/case-ministerio-da-defesa-mailinspector\/"]}]},{"@type":"ImageObject","inLanguage":"pt-BR","@id":"https:\/\/hsclabs.com\/pt-br\/case-ministerio-da-defesa-mailinspector\/#primaryimage","url":"https:\/\/hsclabs.com\/wp-content\/uploads\/2024\/07\/case-de-sucesso-Ministerio-da-Defesa.png","contentUrl":"https:\/\/hsclabs.com\/wp-content\/uploads\/2024\/07\/case-de-sucesso-Ministerio-da-Defesa.png","width":401,"height":361},{"@type":"BreadcrumbList","@id":"https:\/\/hsclabs.com\/pt-br\/case-ministerio-da-defesa-mailinspector\/#breadcrumb","itemListElement":[{"@type":"ListItem","position":1,"name":"Home","item":"https:\/\/hsclabs.com\/pt-br\/"},{"@type":"ListItem","position":2,"name":"Case de Sucesso &#8211; Minist\u00e9rio da Defesa"}]},{"@type":"WebSite","@id":"https:\/\/hsclabs.com\/pt-br\/#website","url":"https:\/\/hsclabs.com\/pt-br\/","name":"HSC Cybersecurity","description":"Full-scope cybersecurity solutions","publisher":{"@id":"https:\/\/hsclabs.com\/pt-br\/#organization"},"potentialAction":[{"@type":"SearchAction","target":{"@type":"EntryPoint","urlTemplate":"https:\/\/hsclabs.com\/pt-br\/?s={search_term_string}"},"query-input":{"@type":"PropertyValueSpecification","valueRequired":true,"valueName":"search_term_string"}}],"inLanguage":"pt-BR"},{"@type":"Organization","@id":"https:\/\/hsclabs.com\/pt-br\/#organization","name":"HSC Cybersecurity","url":"https:\/\/hsclabs.com\/pt-br\/","logo":{"@type":"ImageObject","inLanguage":"pt-BR","@id":"https:\/\/hsclabs.com\/pt-br\/#\/schema\/logo\/image\/","url":"https:\/\/hsclabs.com\/wp-content\/uploads\/2023\/07\/cropped-Logo-HSC-01.png","contentUrl":"https:\/\/hsclabs.com\/wp-content\/uploads\/2023\/07\/cropped-Logo-HSC-01.png","width":1496,"height":510,"caption":"HSC Cybersecurity"},"image":{"@id":"https:\/\/hsclabs.com\/pt-br\/#\/schema\/logo\/image\/"},"sameAs":["https:\/\/www.linkedin.com\/company\/high-security-center\/","https:\/\/www.instagram.com\/hsclabs"]}]}},"_links":{"self":[{"href":"https:\/\/hsclabs.com\/pt-br\/wp-json\/wp\/v2\/pages\/14993","targetHints":{"allow":["GET"]}}],"collection":[{"href":"https:\/\/hsclabs.com\/pt-br\/wp-json\/wp\/v2\/pages"}],"about":[{"href":"https:\/\/hsclabs.com\/pt-br\/wp-json\/wp\/v2\/types\/page"}],"author":[{"embeddable":true,"href":"https:\/\/hsclabs.com\/pt-br\/wp-json\/wp\/v2\/users\/1"}],"replies":[{"embeddable":true,"href":"https:\/\/hsclabs.com\/pt-br\/wp-json\/wp\/v2\/comments?post=14993"}],"version-history":[{"count":4,"href":"https:\/\/hsclabs.com\/pt-br\/wp-json\/wp\/v2\/pages\/14993\/revisions"}],"predecessor-version":[{"id":14997,"href":"https:\/\/hsclabs.com\/pt-br\/wp-json\/wp\/v2\/pages\/14993\/revisions\/14997"}],"wp:featuredmedia":[{"embeddable":true,"href":"https:\/\/hsclabs.com\/pt-br\/wp-json\/wp\/v2\/media\/14982"}],"wp:attachment":[{"href":"https:\/\/hsclabs.com\/pt-br\/wp-json\/wp\/v2\/media?parent=14993"}],"curies":[{"name":"wp","href":"https:\/\/api.w.org\/{rel}","templated":true}]}}