{"id":5671,"date":"2023-09-22T01:19:09","date_gmt":"2023-09-22T01:19:09","guid":{"rendered":"https:\/\/hsclabs.a2hosted.com\/tornar-se-parceiro\/"},"modified":"2024-02-01T14:53:10","modified_gmt":"2024-02-01T14:53:10","slug":"seja-parceiro","status":"publish","type":"page","link":"https:\/\/hsclabs.com\/pt-br\/seja-parceiro\/","title":{"rendered":"Torne-se Parceiro de Neg\u00f3cios"},"content":{"rendered":"\t\t<div data-elementor-type=\"wp-page\" data-elementor-id=\"5671\" class=\"elementor elementor-5671 elementor-4691\" data-elementor-settings=\"{&quot;ha_cmc_init_switcher&quot;:&quot;no&quot;}\" data-elementor-post-type=\"page\">\n\t\t\t\t\t\t<section class=\"elementor-section elementor-top-section elementor-element elementor-element-dc0435e elementor-section-boxed elementor-section-height-default elementor-section-height-default\" data-id=\"dc0435e\" data-element_type=\"section\" data-e-type=\"section\" data-settings=\"{&quot;background_background&quot;:&quot;classic&quot;,&quot;_ha_eqh_enable&quot;:false}\">\n\t\t\t\t\t\t\t<div class=\"elementor-background-overlay\"><\/div>\n\t\t\t\t\t\t\t<div class=\"elementor-container elementor-column-gap-default\">\n\t\t\t\t\t<div class=\"elementor-column elementor-col-100 elementor-top-column elementor-element elementor-element-c8e7d96\" data-id=\"c8e7d96\" data-element_type=\"column\" data-e-type=\"column\">\n\t\t\t<div class=\"elementor-widget-wrap elementor-element-populated\">\n\t\t\t\t\t\t<section class=\"elementor-section elementor-inner-section elementor-element elementor-element-7e5c1ad elementor-section-boxed elementor-section-height-default elementor-section-height-default\" data-id=\"7e5c1ad\" data-element_type=\"section\" data-e-type=\"section\" data-settings=\"{&quot;_ha_eqh_enable&quot;:false}\">\n\t\t\t\t\t\t<div class=\"elementor-container elementor-column-gap-default\">\n\t\t\t\t\t<div class=\"elementor-column elementor-col-50 elementor-inner-column elementor-element elementor-element-66722da\" data-id=\"66722da\" data-element_type=\"column\" data-e-type=\"column\">\n\t\t\t<div class=\"elementor-widget-wrap elementor-element-populated\">\n\t\t\t\t\t\t<div class=\"elementor-element elementor-element-fe0e4ab elementor-invisible elementor-widget elementor-widget-heading\" data-id=\"fe0e4ab\" data-element_type=\"widget\" data-e-type=\"widget\" data-settings=\"{&quot;_animation&quot;:&quot;fadeInRight&quot;}\" data-widget_type=\"heading.default\">\n\t\t\t\t<div class=\"elementor-widget-container\">\n\t\t\t\t\t<h1 class=\"elementor-heading-title elementor-size-default\">Eleve os seus neg\u00f3cios com a parceria da HSC<\/h1>\t\t\t\t<\/div>\n\t\t\t\t<\/div>\n\t\t\t\t<div class=\"elementor-element elementor-element-9b0138d elementor-widget-divider--view-line elementor-invisible elementor-widget elementor-widget-divider\" data-id=\"9b0138d\" data-element_type=\"widget\" data-e-type=\"widget\" data-settings=\"{&quot;_animation&quot;:&quot;fadeInLeft&quot;}\" data-widget_type=\"divider.default\">\n\t\t\t\t<div class=\"elementor-widget-container\">\n\t\t\t\t\t\t\t<div class=\"elementor-divider\">\n\t\t\t<span class=\"elementor-divider-separator\">\n\t\t\t\t\t\t<\/span>\n\t\t<\/div>\n\t\t\t\t\t\t<\/div>\n\t\t\t\t<\/div>\n\t\t\t\t<div class=\"elementor-element elementor-element-a8f9a34 elementor-invisible elementor-widget elementor-widget-text-editor\" data-id=\"a8f9a34\" data-element_type=\"widget\" data-e-type=\"widget\" data-settings=\"{&quot;_animation&quot;:&quot;fadeInUp&quot;}\" data-widget_type=\"text-editor.default\">\n\t\t\t\t<div class=\"elementor-widget-container\">\n\t\t\t\t\t\t\t\t\t<p>Obrigado pelo seu interesse em se tornar um parceiro.<\/p>\n\t\t\t\t\t\t\t\t<\/div>\n\t\t\t\t<\/div>\n\t\t\t\t<div class=\"elementor-element elementor-element-655d14a elementor-invisible elementor-widget elementor-widget-button\" data-id=\"655d14a\" data-element_type=\"widget\" data-e-type=\"widget\" data-settings=\"{&quot;_animation&quot;:&quot;fadeInUp&quot;}\" data-widget_type=\"button.default\">\n\t\t\t\t<div class=\"elementor-widget-container\">\n\t\t\t\t\t\t\t\t\t<div class=\"elementor-button-wrapper\">\n\t\t\t\t\t<a class=\"elementor-button elementor-button-link elementor-size-md elementor-animation-grow\" href=\"#sejaparceiro\">\n\t\t\t\t\t\t<span class=\"elementor-button-content-wrapper\">\n\t\t\t\t\t\t\t\t\t<span class=\"elementor-button-text\">Inscreva-se j\u00e1<\/span>\n\t\t\t\t\t<\/span>\n\t\t\t\t\t<\/a>\n\t\t\t\t<\/div>\n\t\t\t\t\t\t\t\t<\/div>\n\t\t\t\t<\/div>\n\t\t\t\t\t<\/div>\n\t\t<\/div>\n\t\t\t\t<div class=\"elementor-column elementor-col-50 elementor-inner-column elementor-element elementor-element-febe82b\" data-id=\"febe82b\" data-element_type=\"column\" data-e-type=\"column\">\n\t\t\t<div class=\"elementor-widget-wrap\">\n\t\t\t\t\t\t\t<\/div>\n\t\t<\/div>\n\t\t\t\t\t<\/div>\n\t\t<\/section>\n\t\t\t\t\t<\/div>\n\t\t<\/div>\n\t\t\t\t\t<\/div>\n\t\t<\/section>\n\t\t\t\t<section class=\"elementor-section elementor-top-section elementor-element elementor-element-29da381 elementor-section-boxed elementor-section-height-default elementor-section-height-default\" data-id=\"29da381\" data-element_type=\"section\" data-e-type=\"section\" data-settings=\"{&quot;background_background&quot;:&quot;classic&quot;,&quot;background_motion_fx_motion_fx_scrolling&quot;:&quot;yes&quot;,&quot;background_motion_fx_devices&quot;:[&quot;desktop&quot;,&quot;tablet&quot;,&quot;mobile&quot;],&quot;_ha_eqh_enable&quot;:false}\">\n\t\t\t\t\t\t\t<div class=\"elementor-background-overlay\"><\/div>\n\t\t\t\t\t\t\t<div class=\"elementor-container elementor-column-gap-default\">\n\t\t\t\t\t<div class=\"elementor-column elementor-col-50 elementor-top-column elementor-element elementor-element-e2224eb\" data-id=\"e2224eb\" data-element_type=\"column\" data-e-type=\"column\">\n\t\t\t<div class=\"elementor-widget-wrap elementor-element-populated\">\n\t\t\t\t\t\t<div class=\"elementor-element elementor-element-cda7953 elementor-widget elementor-widget-menu-anchor\" data-id=\"cda7953\" data-element_type=\"widget\" data-e-type=\"widget\" data-widget_type=\"menu-anchor.default\">\n\t\t\t\t<div class=\"elementor-widget-container\">\n\t\t\t\t\t\t\t<div class=\"elementor-menu-anchor\" id=\"sejaparceiro\"><\/div>\n\t\t\t\t\t\t<\/div>\n\t\t\t\t<\/div>\n\t\t\t\t<div class=\"elementor-element elementor-element-12ffee3 elementor-invisible elementor-widget elementor-widget-heading\" data-id=\"12ffee3\" data-element_type=\"widget\" data-e-type=\"widget\" data-settings=\"{&quot;_animation&quot;:&quot;fadeInRight&quot;}\" data-widget_type=\"heading.default\">\n\t\t\t\t<div class=\"elementor-widget-container\">\n\t\t\t\t\t<p class=\"elementor-heading-title elementor-size-default\">Parceria<\/p>\t\t\t\t<\/div>\n\t\t\t\t<\/div>\n\t\t\t\t<div class=\"elementor-element elementor-element-d40c22e elementor-invisible elementor-widget elementor-widget-heading\" data-id=\"d40c22e\" data-element_type=\"widget\" data-e-type=\"widget\" data-settings=\"{&quot;_animation&quot;:&quot;fadeInUp&quot;}\" data-widget_type=\"heading.default\">\n\t\t\t\t<div class=\"elementor-widget-container\">\n\t\t\t\t\t<h2 class=\"elementor-heading-title elementor-size-default\">Vamos trabalhar juntos!<\/h2>\t\t\t\t<\/div>\n\t\t\t\t<\/div>\n\t\t\t\t<div class=\"elementor-element elementor-element-698629f elementor-widget-divider--view-line elementor-invisible elementor-widget elementor-widget-divider\" data-id=\"698629f\" data-element_type=\"widget\" data-e-type=\"widget\" data-settings=\"{&quot;_animation&quot;:&quot;fadeInUp&quot;}\" data-widget_type=\"divider.default\">\n\t\t\t\t<div class=\"elementor-widget-container\">\n\t\t\t\t\t\t\t<div class=\"elementor-divider\">\n\t\t\t<span class=\"elementor-divider-separator\">\n\t\t\t\t\t\t<\/span>\n\t\t<\/div>\n\t\t\t\t\t\t<\/div>\n\t\t\t\t<\/div>\n\t\t\t\t<div class=\"elementor-element elementor-element-0fedc61 elementor-invisible elementor-widget elementor-widget-text-editor\" data-id=\"0fedc61\" data-element_type=\"widget\" data-e-type=\"widget\" data-settings=\"{&quot;_animation&quot;:&quot;fadeInLeft&quot;}\" data-widget_type=\"text-editor.default\">\n\t\t\t\t<div class=\"elementor-widget-container\">\n\t\t\t\t\t\t\t\t\t<div class=\"elementor-element elementor-element-29c3f04 elementor-widget elementor-widget-text-editor\" data-id=\"29c3f04\" data-element_type=\"widget\" data-widget_type=\"text-editor.default\">\n<div class=\"elementor-widget-container\">\n<p>Ligue ou preencha o formul\u00e1rio para dar os primeiros passos como parceiro de neg\u00f3cios da HSC.<\/p>\n<\/div>\n<\/div>\n\t\t\t\t\t\t\t\t<\/div>\n\t\t\t\t<\/div>\n\t\t\t\t<div class=\"elementor-element elementor-element-3014e50 elementor-icon-list--layout-traditional elementor-list-item-link-full_width elementor-invisible elementor-widget elementor-widget-icon-list\" data-id=\"3014e50\" data-element_type=\"widget\" data-e-type=\"widget\" data-settings=\"{&quot;_animation&quot;:&quot;fadeInLeft&quot;}\" data-widget_type=\"icon-list.default\">\n\t\t\t\t<div class=\"elementor-widget-container\">\n\t\t\t\t\t\t\t<ul class=\"elementor-icon-list-items\">\n\t\t\t\t\t\t\t<li class=\"elementor-icon-list-item\">\n\t\t\t\t\t\t\t\t\t\t\t<span class=\"elementor-icon-list-icon\">\n\t\t\t\t\t\t\t<i aria-hidden=\"true\" class=\"hm hm-globe3\"><\/i>\t\t\t\t\t\t<\/span>\n\t\t\t\t\t\t\t\t\t\t<span class=\"elementor-icon-list-text\">Estados Unidos e Mundo<\/span>\n\t\t\t\t\t\t\t\t\t<\/li>\n\t\t\t\t\t\t\t\t<li class=\"elementor-icon-list-item\">\n\t\t\t\t\t\t\t\t\t\t<span class=\"elementor-icon-list-text\"> +1 833 208 1214 <\/span>\n\t\t\t\t\t\t\t\t\t<\/li>\n\t\t\t\t\t\t<\/ul>\n\t\t\t\t\t\t<\/div>\n\t\t\t\t<\/div>\n\t\t\t\t<div class=\"elementor-element elementor-element-e962975 elementor-icon-list--layout-traditional elementor-list-item-link-full_width elementor-invisible elementor-widget elementor-widget-icon-list\" data-id=\"e962975\" data-element_type=\"widget\" data-e-type=\"widget\" data-settings=\"{&quot;_animation&quot;:&quot;fadeInLeft&quot;}\" data-widget_type=\"icon-list.default\">\n\t\t\t\t<div class=\"elementor-widget-container\">\n\t\t\t\t\t\t\t<ul class=\"elementor-icon-list-items\">\n\t\t\t\t\t\t\t<li class=\"elementor-icon-list-item\">\n\t\t\t\t\t\t\t\t\t\t\t<span class=\"elementor-icon-list-icon\">\n\t\t\t\t\t\t\t<i aria-hidden=\"true\" class=\"hm hm-globe3\"><\/i>\t\t\t\t\t\t<\/span>\n\t\t\t\t\t\t\t\t\t\t<span class=\"elementor-icon-list-text\">Brasil e Am\u00e9rica do Sul<\/span>\n\t\t\t\t\t\t\t\t\t<\/li>\n\t\t\t\t\t\t\t\t<li class=\"elementor-icon-list-item\">\n\t\t\t\t\t\t\t\t\t\t<span class=\"elementor-icon-list-text\">+55 51 3500 8255<\/span>\n\t\t\t\t\t\t\t\t\t<\/li>\n\t\t\t\t\t\t<\/ul>\n\t\t\t\t\t\t<\/div>\n\t\t\t\t<\/div>\n\t\t\t\t<div class=\"elementor-element elementor-element-2a1257b elementor-widget elementor-widget-image\" data-id=\"2a1257b\" data-element_type=\"widget\" data-e-type=\"widget\" data-widget_type=\"image.default\">\n\t\t\t\t<div class=\"elementor-widget-container\">\n\t\t\t\t\t\t\t\t\t\t\t\t\t\t\t<img fetchpriority=\"high\" decoding=\"async\" width=\"1497\" height=\"511\" src=\"https:\/\/hsclabs.com\/wp-content\/uploads\/2023\/07\/Logo-HSC-01.png\" class=\"attachment-full size-full wp-image-5470\" alt=\"\" srcset=\"https:\/\/hsclabs.com\/wp-content\/uploads\/2023\/07\/Logo-HSC-01.png 1497w, https:\/\/hsclabs.com\/wp-content\/uploads\/2023\/07\/Logo-HSC-01-300x102.png 300w, https:\/\/hsclabs.com\/wp-content\/uploads\/2023\/07\/Logo-HSC-01-1024x350.png 1024w, https:\/\/hsclabs.com\/wp-content\/uploads\/2023\/07\/Logo-HSC-01-768x262.png 768w\" sizes=\"(max-width: 1497px) 100vw, 1497px\" \/>\t\t\t\t\t\t\t\t\t\t\t\t\t\t\t<\/div>\n\t\t\t\t<\/div>\n\t\t\t\t\t<\/div>\n\t\t<\/div>\n\t\t\t\t<div class=\"elementor-column elementor-col-50 elementor-top-column elementor-element elementor-element-80db63d elementor-invisible\" data-id=\"80db63d\" data-element_type=\"column\" data-e-type=\"column\" data-settings=\"{&quot;background_background&quot;:&quot;classic&quot;,&quot;animation&quot;:&quot;fadeInUp&quot;}\">\n\t\t\t<div class=\"elementor-widget-wrap elementor-element-populated\">\n\t\t\t\t\t\t<div class=\"elementor-element elementor-element-01a5008 elementor-widget elementor-widget-html\" data-id=\"01a5008\" data-element_type=\"widget\" data-e-type=\"widget\" data-widget_type=\"html.default\">\n\t\t\t\t<div class=\"elementor-widget-container\">\n\t\t\t\t\t<div class=\"pipedriveWebForms\" data-pd-webforms=\"https:\/\/webforms.pipedrive.com\/f\/6UHVy8ELWp0qmVu7fnskxy93HGhOOOwhgHgGPYg6EtYkKF3eS8rtUO3vLDAD5HROz9\"><script src=\"https:\/\/webforms.pipedrive.com\/f\/loader\"><\/script><\/div>\t\t\t\t<\/div>\n\t\t\t\t<\/div>\n\t\t\t\t\t<\/div>\n\t\t<\/div>\n\t\t\t\t\t<\/div>\n\t\t<\/section>\n\t\t\t\t<\/div>\n\t\t","protected":false},"excerpt":{"rendered":"<p>Eleve os seus neg\u00f3cios com a parceria da HSC Obrigado pelo seu interesse em se tornar um parceiro. Inscreva-se j\u00e1 Parceria Vamos trabalhar juntos! Ligue ou preencha o formul\u00e1rio para dar os primeiros passos como parceiro de neg\u00f3cios da HSC. Estados Unidos e Mundo +1 833 208 1214 Brasil e Am\u00e9rica do Sul +55 51 [&hellip;]<\/p>\n","protected":false},"author":1,"featured_media":0,"parent":0,"menu_order":0,"comment_status":"closed","ping_status":"closed","template":"elementor_header_footer","meta":{"footnotes":""},"class_list":["post-5671","page","type-page","status-publish","hentry"],"yoast_head":"<!-- This site is optimized with the Yoast SEO plugin v27.5 - https:\/\/yoast.com\/product\/yoast-seo-wordpress\/ -->\n<title>Torne-se Parceiro de Neg\u00f3cios - HSC Labs<\/title>\n<meta name=\"description\" content=\"Se voc\u00ea trabalha com tecnologia e ciberseguran\u00e7a, conhe\u00e7a o Programa de Canais da HSC e torne-se nosso parceiro de neg\u00f3cios!\" \/>\n<meta name=\"robots\" content=\"index, follow, max-snippet:-1, max-image-preview:large, max-video-preview:-1\" \/>\n<link rel=\"canonical\" href=\"https:\/\/hsclabs.com\/pt-br\/seja-parceiro\/\" \/>\n<meta property=\"og:locale\" content=\"pt_BR\" \/>\n<meta property=\"og:type\" content=\"article\" \/>\n<meta property=\"og:title\" content=\"Torne-se Parceiro de Neg\u00f3cios - HSC Labs\" \/>\n<meta property=\"og:description\" content=\"Se voc\u00ea trabalha com tecnologia e ciberseguran\u00e7a, conhe\u00e7a o Programa de Canais da HSC e torne-se nosso parceiro de neg\u00f3cios!\" \/>\n<meta property=\"og:url\" content=\"https:\/\/hsclabs.com\/pt-br\/seja-parceiro\/\" \/>\n<meta property=\"og:site_name\" content=\"HSC Labs\" \/>\n<meta property=\"article:modified_time\" content=\"2024-02-01T14:53:10+00:00\" \/>\n<meta property=\"og:image\" content=\"https:\/\/hsclabs.com\/wp-content\/uploads\/2023\/07\/Logo-HSC-01.png\" \/>\n<meta name=\"twitter:card\" content=\"summary_large_image\" \/>\n<meta name=\"twitter:label1\" content=\"Est. tempo de leitura\" \/>\n\t<meta name=\"twitter:data1\" content=\"1 minuto\" \/>\n<script type=\"application\/ld+json\" class=\"yoast-schema-graph\">{\"@context\":\"https:\\\/\\\/schema.org\",\"@graph\":[{\"@type\":\"WebPage\",\"@id\":\"https:\\\/\\\/hsclabs.com\\\/pt-br\\\/seja-parceiro\\\/\",\"url\":\"https:\\\/\\\/hsclabs.com\\\/pt-br\\\/seja-parceiro\\\/\",\"name\":\"Torne-se Parceiro de Neg\u00f3cios - HSC Labs\",\"isPartOf\":{\"@id\":\"https:\\\/\\\/hsclabs.com\\\/pt-br\\\/#website\"},\"primaryImageOfPage\":{\"@id\":\"https:\\\/\\\/hsclabs.com\\\/pt-br\\\/seja-parceiro\\\/#primaryimage\"},\"image\":{\"@id\":\"https:\\\/\\\/hsclabs.com\\\/pt-br\\\/seja-parceiro\\\/#primaryimage\"},\"thumbnailUrl\":\"https:\\\/\\\/hsclabs.com\\\/wp-content\\\/uploads\\\/2023\\\/07\\\/Logo-HSC-01.png\",\"datePublished\":\"2023-09-22T01:19:09+00:00\",\"dateModified\":\"2024-02-01T14:53:10+00:00\",\"description\":\"Se voc\u00ea trabalha com tecnologia e ciberseguran\u00e7a, conhe\u00e7a o Programa de Canais da HSC e torne-se nosso parceiro de neg\u00f3cios!\",\"breadcrumb\":{\"@id\":\"https:\\\/\\\/hsclabs.com\\\/pt-br\\\/seja-parceiro\\\/#breadcrumb\"},\"inLanguage\":\"pt-BR\",\"potentialAction\":[{\"@type\":\"ReadAction\",\"target\":[\"https:\\\/\\\/hsclabs.com\\\/pt-br\\\/seja-parceiro\\\/\"]}]},{\"@type\":\"ImageObject\",\"inLanguage\":\"pt-BR\",\"@id\":\"https:\\\/\\\/hsclabs.com\\\/pt-br\\\/seja-parceiro\\\/#primaryimage\",\"url\":\"https:\\\/\\\/hsclabs.com\\\/wp-content\\\/uploads\\\/2023\\\/07\\\/Logo-HSC-01.png\",\"contentUrl\":\"https:\\\/\\\/hsclabs.com\\\/wp-content\\\/uploads\\\/2023\\\/07\\\/Logo-HSC-01.png\"},{\"@type\":\"BreadcrumbList\",\"@id\":\"https:\\\/\\\/hsclabs.com\\\/pt-br\\\/seja-parceiro\\\/#breadcrumb\",\"itemListElement\":[{\"@type\":\"ListItem\",\"position\":1,\"name\":\"Home\",\"item\":\"https:\\\/\\\/hsclabs.com\\\/pt-br\\\/\"},{\"@type\":\"ListItem\",\"position\":2,\"name\":\"Torne-se Parceiro de Neg\u00f3cios\"}]},{\"@type\":\"WebSite\",\"@id\":\"https:\\\/\\\/hsclabs.com\\\/pt-br\\\/#website\",\"url\":\"https:\\\/\\\/hsclabs.com\\\/pt-br\\\/\",\"name\":\"HSC Cybersecurity\",\"description\":\"Full-scope cybersecurity solutions\",\"publisher\":{\"@id\":\"https:\\\/\\\/hsclabs.com\\\/pt-br\\\/#organization\"},\"potentialAction\":[{\"@type\":\"SearchAction\",\"target\":{\"@type\":\"EntryPoint\",\"urlTemplate\":\"https:\\\/\\\/hsclabs.com\\\/pt-br\\\/?s={search_term_string}\"},\"query-input\":{\"@type\":\"PropertyValueSpecification\",\"valueRequired\":true,\"valueName\":\"search_term_string\"}}],\"inLanguage\":\"pt-BR\"},{\"@type\":\"Organization\",\"@id\":\"https:\\\/\\\/hsclabs.com\\\/pt-br\\\/#organization\",\"name\":\"HSC Cybersecurity\",\"url\":\"https:\\\/\\\/hsclabs.com\\\/pt-br\\\/\",\"logo\":{\"@type\":\"ImageObject\",\"inLanguage\":\"pt-BR\",\"@id\":\"https:\\\/\\\/hsclabs.com\\\/pt-br\\\/#\\\/schema\\\/logo\\\/image\\\/\",\"url\":\"https:\\\/\\\/hsclabs.com\\\/wp-content\\\/uploads\\\/2023\\\/07\\\/cropped-Logo-HSC-01.png\",\"contentUrl\":\"https:\\\/\\\/hsclabs.com\\\/wp-content\\\/uploads\\\/2023\\\/07\\\/cropped-Logo-HSC-01.png\",\"width\":1496,\"height\":510,\"caption\":\"HSC Cybersecurity\"},\"image\":{\"@id\":\"https:\\\/\\\/hsclabs.com\\\/pt-br\\\/#\\\/schema\\\/logo\\\/image\\\/\"},\"sameAs\":[\"https:\\\/\\\/www.linkedin.com\\\/company\\\/high-security-center\\\/\",\"https:\\\/\\\/www.instagram.com\\\/hsclabs\"]}]}<\/script>\n<!-- \/ Yoast SEO plugin. -->","yoast_head_json":{"title":"Torne-se Parceiro de Neg\u00f3cios - HSC Labs","description":"Se voc\u00ea trabalha com tecnologia e ciberseguran\u00e7a, conhe\u00e7a o Programa de Canais da HSC e torne-se nosso parceiro de neg\u00f3cios!","robots":{"index":"index","follow":"follow","max-snippet":"max-snippet:-1","max-image-preview":"max-image-preview:large","max-video-preview":"max-video-preview:-1"},"canonical":"https:\/\/hsclabs.com\/pt-br\/seja-parceiro\/","og_locale":"pt_BR","og_type":"article","og_title":"Torne-se Parceiro de Neg\u00f3cios - HSC Labs","og_description":"Se voc\u00ea trabalha com tecnologia e ciberseguran\u00e7a, conhe\u00e7a o Programa de Canais da HSC e torne-se nosso parceiro de neg\u00f3cios!","og_url":"https:\/\/hsclabs.com\/pt-br\/seja-parceiro\/","og_site_name":"HSC Labs","article_modified_time":"2024-02-01T14:53:10+00:00","og_image":[{"url":"https:\/\/hsclabs.com\/wp-content\/uploads\/2023\/07\/Logo-HSC-01.png","type":"","width":"","height":""}],"twitter_card":"summary_large_image","twitter_misc":{"Est. tempo de leitura":"1 minuto"},"schema":{"@context":"https:\/\/schema.org","@graph":[{"@type":"WebPage","@id":"https:\/\/hsclabs.com\/pt-br\/seja-parceiro\/","url":"https:\/\/hsclabs.com\/pt-br\/seja-parceiro\/","name":"Torne-se Parceiro de Neg\u00f3cios - HSC Labs","isPartOf":{"@id":"https:\/\/hsclabs.com\/pt-br\/#website"},"primaryImageOfPage":{"@id":"https:\/\/hsclabs.com\/pt-br\/seja-parceiro\/#primaryimage"},"image":{"@id":"https:\/\/hsclabs.com\/pt-br\/seja-parceiro\/#primaryimage"},"thumbnailUrl":"https:\/\/hsclabs.com\/wp-content\/uploads\/2023\/07\/Logo-HSC-01.png","datePublished":"2023-09-22T01:19:09+00:00","dateModified":"2024-02-01T14:53:10+00:00","description":"Se voc\u00ea trabalha com tecnologia e ciberseguran\u00e7a, conhe\u00e7a o Programa de Canais da HSC e torne-se nosso parceiro de neg\u00f3cios!","breadcrumb":{"@id":"https:\/\/hsclabs.com\/pt-br\/seja-parceiro\/#breadcrumb"},"inLanguage":"pt-BR","potentialAction":[{"@type":"ReadAction","target":["https:\/\/hsclabs.com\/pt-br\/seja-parceiro\/"]}]},{"@type":"ImageObject","inLanguage":"pt-BR","@id":"https:\/\/hsclabs.com\/pt-br\/seja-parceiro\/#primaryimage","url":"https:\/\/hsclabs.com\/wp-content\/uploads\/2023\/07\/Logo-HSC-01.png","contentUrl":"https:\/\/hsclabs.com\/wp-content\/uploads\/2023\/07\/Logo-HSC-01.png"},{"@type":"BreadcrumbList","@id":"https:\/\/hsclabs.com\/pt-br\/seja-parceiro\/#breadcrumb","itemListElement":[{"@type":"ListItem","position":1,"name":"Home","item":"https:\/\/hsclabs.com\/pt-br\/"},{"@type":"ListItem","position":2,"name":"Torne-se Parceiro de Neg\u00f3cios"}]},{"@type":"WebSite","@id":"https:\/\/hsclabs.com\/pt-br\/#website","url":"https:\/\/hsclabs.com\/pt-br\/","name":"HSC Cybersecurity","description":"Full-scope cybersecurity solutions","publisher":{"@id":"https:\/\/hsclabs.com\/pt-br\/#organization"},"potentialAction":[{"@type":"SearchAction","target":{"@type":"EntryPoint","urlTemplate":"https:\/\/hsclabs.com\/pt-br\/?s={search_term_string}"},"query-input":{"@type":"PropertyValueSpecification","valueRequired":true,"valueName":"search_term_string"}}],"inLanguage":"pt-BR"},{"@type":"Organization","@id":"https:\/\/hsclabs.com\/pt-br\/#organization","name":"HSC Cybersecurity","url":"https:\/\/hsclabs.com\/pt-br\/","logo":{"@type":"ImageObject","inLanguage":"pt-BR","@id":"https:\/\/hsclabs.com\/pt-br\/#\/schema\/logo\/image\/","url":"https:\/\/hsclabs.com\/wp-content\/uploads\/2023\/07\/cropped-Logo-HSC-01.png","contentUrl":"https:\/\/hsclabs.com\/wp-content\/uploads\/2023\/07\/cropped-Logo-HSC-01.png","width":1496,"height":510,"caption":"HSC Cybersecurity"},"image":{"@id":"https:\/\/hsclabs.com\/pt-br\/#\/schema\/logo\/image\/"},"sameAs":["https:\/\/www.linkedin.com\/company\/high-security-center\/","https:\/\/www.instagram.com\/hsclabs"]}]}},"_links":{"self":[{"href":"https:\/\/hsclabs.com\/pt-br\/wp-json\/wp\/v2\/pages\/5671","targetHints":{"allow":["GET"]}}],"collection":[{"href":"https:\/\/hsclabs.com\/pt-br\/wp-json\/wp\/v2\/pages"}],"about":[{"href":"https:\/\/hsclabs.com\/pt-br\/wp-json\/wp\/v2\/types\/page"}],"author":[{"embeddable":true,"href":"https:\/\/hsclabs.com\/pt-br\/wp-json\/wp\/v2\/users\/1"}],"replies":[{"embeddable":true,"href":"https:\/\/hsclabs.com\/pt-br\/wp-json\/wp\/v2\/comments?post=5671"}],"version-history":[{"count":21,"href":"https:\/\/hsclabs.com\/pt-br\/wp-json\/wp\/v2\/pages\/5671\/revisions"}],"predecessor-version":[{"id":13867,"href":"https:\/\/hsclabs.com\/pt-br\/wp-json\/wp\/v2\/pages\/5671\/revisions\/13867"}],"wp:attachment":[{"href":"https:\/\/hsclabs.com\/pt-br\/wp-json\/wp\/v2\/media?parent=5671"}],"curies":[{"name":"wp","href":"https:\/\/api.w.org\/{rel}","templated":true}]}}