{"id":6262,"date":"2023-09-21T23:47:52","date_gmt":"2023-09-21T23:47:52","guid":{"rendered":"https:\/\/hsclabs.a2hosted.com\/conscientizacao-em-ciberseguranca-mindaware\/"},"modified":"2024-02-09T01:33:20","modified_gmt":"2024-02-09T01:33:20","slug":"mindaware","status":"publish","type":"page","link":"https:\/\/hsclabs.com\/pt-br\/mindaware\/","title":{"rendered":"Conscientiza\u00e7\u00e3o em ciberseguran\u00e7a &#8211; MindAware"},"content":{"rendered":"\t\t<div data-elementor-type=\"wp-page\" data-elementor-id=\"6262\" class=\"elementor elementor-6262 elementor-4521\" data-elementor-settings=\"{&quot;ha_cmc_init_switcher&quot;:&quot;no&quot;}\" data-elementor-post-type=\"page\">\n\t\t\t\t\t\t<section class=\"elementor-section elementor-top-section elementor-element elementor-element-4dd85fc elementor-section-boxed elementor-section-height-default elementor-section-height-default\" data-id=\"4dd85fc\" data-element_type=\"section\" data-e-type=\"section\" data-settings=\"{&quot;background_background&quot;:&quot;classic&quot;,&quot;_ha_eqh_enable&quot;:false}\">\n\t\t\t\t\t\t\t<div class=\"elementor-background-overlay\"><\/div>\n\t\t\t\t\t\t\t<div class=\"elementor-container elementor-column-gap-default\">\n\t\t\t\t\t<div class=\"elementor-column elementor-col-100 elementor-top-column elementor-element elementor-element-28d18d5\" data-id=\"28d18d5\" data-element_type=\"column\" data-e-type=\"column\">\n\t\t\t<div class=\"elementor-widget-wrap elementor-element-populated\">\n\t\t\t\t\t\t<section class=\"elementor-section elementor-inner-section elementor-element elementor-element-d8d75f7 elementor-section-boxed elementor-section-height-default elementor-section-height-default\" data-id=\"d8d75f7\" data-element_type=\"section\" data-e-type=\"section\" data-settings=\"{&quot;_ha_eqh_enable&quot;:false}\">\n\t\t\t\t\t\t<div class=\"elementor-container elementor-column-gap-default\">\n\t\t\t\t\t<div class=\"elementor-column elementor-col-50 elementor-inner-column elementor-element elementor-element-d75e9a4\" data-id=\"d75e9a4\" data-element_type=\"column\" data-e-type=\"column\">\n\t\t\t<div class=\"elementor-widget-wrap elementor-element-populated\">\n\t\t\t\t\t\t<div class=\"elementor-element elementor-element-d2a0efb elementor-invisible elementor-widget elementor-widget-heading\" data-id=\"d2a0efb\" data-element_type=\"widget\" data-e-type=\"widget\" data-settings=\"{&quot;_animation&quot;:&quot;fadeInRight&quot;}\" data-widget_type=\"heading.default\">\n\t\t\t\t<div class=\"elementor-widget-container\">\n\t\t\t\t\t<h1 class=\"elementor-heading-title elementor-size-default\">Conscientiza\u00e7\u00e3o em Seguran\u00e7a da Informa\u00e7\u00e3o<\/h1>\t\t\t\t<\/div>\n\t\t\t\t<\/div>\n\t\t\t\t<div class=\"elementor-element elementor-element-1895383 elementor-widget-divider--view-line elementor-invisible elementor-widget elementor-widget-divider\" data-id=\"1895383\" data-element_type=\"widget\" data-e-type=\"widget\" data-settings=\"{&quot;_animation&quot;:&quot;fadeInLeft&quot;}\" data-widget_type=\"divider.default\">\n\t\t\t\t<div class=\"elementor-widget-container\">\n\t\t\t\t\t\t\t<div class=\"elementor-divider\">\n\t\t\t<span class=\"elementor-divider-separator\">\n\t\t\t\t\t\t<\/span>\n\t\t<\/div>\n\t\t\t\t\t\t<\/div>\n\t\t\t\t<\/div>\n\t\t\t\t<div class=\"elementor-element elementor-element-b55b50f elementor-invisible elementor-widget elementor-widget-text-editor\" data-id=\"b55b50f\" data-element_type=\"widget\" data-e-type=\"widget\" data-settings=\"{&quot;_animation&quot;:&quot;fadeInUp&quot;}\" data-widget_type=\"text-editor.default\">\n\t\t\t\t<div class=\"elementor-widget-container\">\n\t\t\t\t\t\t\t\t\t<p>Solu\u00e7\u00f5es de treinamento e conscientiza\u00e7\u00e3o em ciberseguran\u00e7a para capacitar seu time a reconhecer e combater amea\u00e7as.<\/p>\t\t\t\t\t\t\t\t<\/div>\n\t\t\t\t<\/div>\n\t\t\t\t\t<\/div>\n\t\t<\/div>\n\t\t\t\t<div class=\"elementor-column elementor-col-50 elementor-inner-column elementor-element elementor-element-ded2bae\" data-id=\"ded2bae\" data-element_type=\"column\" data-e-type=\"column\">\n\t\t\t<div class=\"elementor-widget-wrap elementor-element-populated\">\n\t\t\t\t\t\t<div class=\"elementor-element elementor-element-0978153 elementor-invisible elementor-widget elementor-widget-image\" data-id=\"0978153\" data-element_type=\"widget\" data-e-type=\"widget\" data-settings=\"{&quot;_animation&quot;:&quot;fadeInUp&quot;,&quot;_animation_delay&quot;:1000}\" data-widget_type=\"image.default\">\n\t\t\t\t<div class=\"elementor-widget-container\">\n\t\t\t\t\t\t\t\t\t\t\t\t\t\t\t<img fetchpriority=\"high\" decoding=\"async\" width=\"1273\" height=\"278\" src=\"https:\/\/hsclabs.com\/wp-content\/uploads\/2023\/07\/Logo-Mindaware-02.png\" class=\"attachment-full size-full wp-image-5501\" alt=\"\" srcset=\"https:\/\/hsclabs.com\/wp-content\/uploads\/2023\/07\/Logo-Mindaware-02.png 1273w, https:\/\/hsclabs.com\/wp-content\/uploads\/2023\/07\/Logo-Mindaware-02-300x66.png 300w, https:\/\/hsclabs.com\/wp-content\/uploads\/2023\/07\/Logo-Mindaware-02-1024x224.png 1024w, https:\/\/hsclabs.com\/wp-content\/uploads\/2023\/07\/Logo-Mindaware-02-768x168.png 768w\" sizes=\"(max-width: 1273px) 100vw, 1273px\" \/>\t\t\t\t\t\t\t\t\t\t\t\t\t\t\t<\/div>\n\t\t\t\t<\/div>\n\t\t\t\t\t<\/div>\n\t\t<\/div>\n\t\t\t\t\t<\/div>\n\t\t<\/section>\n\t\t\t\t\t<\/div>\n\t\t<\/div>\n\t\t\t\t\t<\/div>\n\t\t<\/section>\n\t\t\t\t<section class=\"elementor-section elementor-top-section elementor-element elementor-element-29da381 elementor-section-boxed elementor-section-height-default elementor-section-height-default\" data-id=\"29da381\" data-element_type=\"section\" data-e-type=\"section\" data-settings=\"{&quot;background_background&quot;:&quot;classic&quot;,&quot;background_motion_fx_motion_fx_scrolling&quot;:&quot;yes&quot;,&quot;background_motion_fx_devices&quot;:[&quot;desktop&quot;,&quot;tablet&quot;,&quot;mobile&quot;],&quot;_ha_eqh_enable&quot;:false}\">\n\t\t\t\t\t\t\t<div class=\"elementor-background-overlay\"><\/div>\n\t\t\t\t\t\t\t<div class=\"elementor-container elementor-column-gap-default\">\n\t\t\t\t\t<div class=\"elementor-column elementor-col-50 elementor-top-column elementor-element elementor-element-e2224eb\" data-id=\"e2224eb\" data-element_type=\"column\" data-e-type=\"column\">\n\t\t\t<div class=\"elementor-widget-wrap elementor-element-populated\">\n\t\t\t\t\t\t<section class=\"elementor-section elementor-inner-section elementor-element elementor-element-3d5a620 elementor-section-boxed elementor-section-height-default elementor-section-height-default\" data-id=\"3d5a620\" data-element_type=\"section\" data-e-type=\"section\" data-settings=\"{&quot;_ha_eqh_enable&quot;:false}\">\n\t\t\t\t\t\t<div class=\"elementor-container elementor-column-gap-default\">\n\t\t\t\t\t<div class=\"elementor-column elementor-col-100 elementor-inner-column elementor-element elementor-element-f661602\" data-id=\"f661602\" data-element_type=\"column\" data-e-type=\"column\" data-settings=\"{&quot;background_background&quot;:&quot;classic&quot;}\">\n\t\t\t<div class=\"elementor-widget-wrap elementor-element-populated\">\n\t\t\t\t\t\t<div class=\"elementor-element elementor-element-01c0ff7 elementor-widget elementor-widget-image\" data-id=\"01c0ff7\" data-element_type=\"widget\" data-e-type=\"widget\" data-widget_type=\"image.default\">\n\t\t\t\t<div class=\"elementor-widget-container\">\n\t\t\t\t\t\t\t\t\t\t\t\t\t\t\t<img decoding=\"async\" width=\"394\" height=\"82\" src=\"https:\/\/hsclabs.com\/wp-content\/uploads\/2023\/09\/mindaware-360-positive-logo.png\" class=\"attachment-large size-large wp-image-5669\" alt=\"\" srcset=\"https:\/\/hsclabs.com\/wp-content\/uploads\/2023\/09\/mindaware-360-positive-logo.png 394w, https:\/\/hsclabs.com\/wp-content\/uploads\/2023\/09\/mindaware-360-positive-logo-300x62.png 300w\" sizes=\"(max-width: 394px) 100vw, 394px\" \/>\t\t\t\t\t\t\t\t\t\t\t\t\t\t\t<\/div>\n\t\t\t\t<\/div>\n\t\t\t\t<div class=\"elementor-element elementor-element-900ec07 elementor-invisible elementor-widget elementor-widget-text-editor\" data-id=\"900ec07\" data-element_type=\"widget\" data-e-type=\"widget\" data-settings=\"{&quot;_animation&quot;:&quot;fadeInLeft&quot;}\" data-widget_type=\"text-editor.default\">\n\t\t\t\t<div class=\"elementor-widget-container\">\n\t\t\t\t\t\t\t\t\t<p>Solu\u00e7\u00e3o abrangente de conscientiza\u00e7\u00e3o em ciberseguran\u00e7a em uma plataforma de treinamento completa e customiz\u00e1vel, na qual voc\u00ea pode centralizar todos os treinamentos corporativos.<\/p>\t\t\t\t\t\t\t\t<\/div>\n\t\t\t\t<\/div>\n\t\t\t\t<div class=\"elementor-element elementor-element-40a8668 elementor-mobile-align-center elementor-align-center elementor-invisible elementor-widget elementor-widget-button\" data-id=\"40a8668\" data-element_type=\"widget\" data-e-type=\"widget\" data-settings=\"{&quot;_animation&quot;:&quot;fadeInUp&quot;}\" data-widget_type=\"button.default\">\n\t\t\t\t<div class=\"elementor-widget-container\">\n\t\t\t\t\t\t\t\t\t<div class=\"elementor-button-wrapper\">\n\t\t\t\t\t<a class=\"elementor-button elementor-button-link elementor-size-md elementor-animation-grow\" href=\"https:\/\/hsclabs.com\/pt-br\/mindaware360\/\">\n\t\t\t\t\t\t<span class=\"elementor-button-content-wrapper\">\n\t\t\t\t\t\t\t\t\t<span class=\"elementor-button-text\">Saiba mais<\/span>\n\t\t\t\t\t<\/span>\n\t\t\t\t\t<\/a>\n\t\t\t\t<\/div>\n\t\t\t\t\t\t\t\t<\/div>\n\t\t\t\t<\/div>\n\t\t\t\t<div class=\"elementor-element elementor-element-ccc915b elementor-widget elementor-widget-image\" data-id=\"ccc915b\" data-element_type=\"widget\" data-e-type=\"widget\" data-widget_type=\"image.default\">\n\t\t\t\t<div class=\"elementor-widget-container\">\n\t\t\t\t\t\t\t\t\t\t\t\t\t\t\t<img decoding=\"async\" width=\"800\" height=\"452\" src=\"https:\/\/hsclabs.com\/wp-content\/uploads\/2023\/09\/MindAware-360-top-1024x579.jpg\" class=\"attachment-large size-large wp-image-5618\" alt=\"\" srcset=\"https:\/\/hsclabs.com\/wp-content\/uploads\/2023\/09\/MindAware-360-top-1024x579.jpg 1024w, https:\/\/hsclabs.com\/wp-content\/uploads\/2023\/09\/MindAware-360-top-300x170.jpg 300w, https:\/\/hsclabs.com\/wp-content\/uploads\/2023\/09\/MindAware-360-top-768x434.jpg 768w, https:\/\/hsclabs.com\/wp-content\/uploads\/2023\/09\/MindAware-360-top-1536x868.jpg 1536w, https:\/\/hsclabs.com\/wp-content\/uploads\/2023\/09\/MindAware-360-top.jpg 2000w\" sizes=\"(max-width: 800px) 100vw, 800px\" \/>\t\t\t\t\t\t\t\t\t\t\t\t\t\t\t<\/div>\n\t\t\t\t<\/div>\n\t\t\t\t\t<\/div>\n\t\t<\/div>\n\t\t\t\t\t<\/div>\n\t\t<\/section>\n\t\t\t\t\t<\/div>\n\t\t<\/div>\n\t\t\t\t<div class=\"elementor-column elementor-col-50 elementor-top-column elementor-element elementor-element-dd7d4b8\" data-id=\"dd7d4b8\" data-element_type=\"column\" data-e-type=\"column\">\n\t\t\t<div class=\"elementor-widget-wrap elementor-element-populated\">\n\t\t\t\t\t\t<section class=\"elementor-section elementor-inner-section elementor-element elementor-element-00afe3b elementor-section-boxed elementor-section-height-default elementor-section-height-default\" data-id=\"00afe3b\" data-element_type=\"section\" data-e-type=\"section\" data-settings=\"{&quot;_ha_eqh_enable&quot;:false}\">\n\t\t\t\t\t\t<div class=\"elementor-container elementor-column-gap-default\">\n\t\t\t\t\t<div class=\"elementor-column elementor-col-100 elementor-inner-column elementor-element elementor-element-62e7ab7\" data-id=\"62e7ab7\" data-element_type=\"column\" data-e-type=\"column\" data-settings=\"{&quot;background_background&quot;:&quot;classic&quot;}\">\n\t\t\t<div class=\"elementor-widget-wrap elementor-element-populated\">\n\t\t\t\t\t\t<div class=\"elementor-element elementor-element-363120a elementor-widget elementor-widget-image\" data-id=\"363120a\" data-element_type=\"widget\" data-e-type=\"widget\" data-widget_type=\"image.default\">\n\t\t\t\t<div class=\"elementor-widget-container\">\n\t\t\t\t\t\t\t\t\t\t\t\t\t\t\t<img loading=\"lazy\" decoding=\"async\" width=\"393\" height=\"91\" src=\"https:\/\/hsclabs.com\/wp-content\/uploads\/2023\/09\/mindaware-experience-positive-logo.png\" class=\"attachment-large size-large wp-image-5670\" alt=\"\" srcset=\"https:\/\/hsclabs.com\/wp-content\/uploads\/2023\/09\/mindaware-experience-positive-logo.png 393w, https:\/\/hsclabs.com\/wp-content\/uploads\/2023\/09\/mindaware-experience-positive-logo-300x69.png 300w\" sizes=\"(max-width: 393px) 100vw, 393px\" \/>\t\t\t\t\t\t\t\t\t\t\t\t\t\t\t<\/div>\n\t\t\t\t<\/div>\n\t\t\t\t<div class=\"elementor-element elementor-element-f3171d4 elementor-invisible elementor-widget elementor-widget-text-editor\" data-id=\"f3171d4\" data-element_type=\"widget\" data-e-type=\"widget\" data-settings=\"{&quot;_animation&quot;:&quot;fadeInLeft&quot;}\" data-widget_type=\"text-editor.default\">\n\t\t\t\t<div class=\"elementor-widget-container\">\n\t\t\t\t\t\t\t\t\t<p>Quer melhorar a conscientiza\u00e7\u00e3o sobre ciberseguran\u00e7a na sua empresa, mas n\u00e3o sabe por onde come\u00e7ar? Conhe\u00e7a nosso programa guiado e automatizado que oferece resultados em 30 dias, com metodologia exclusiva do MindAware.<\/p>\t\t\t\t\t\t\t\t<\/div>\n\t\t\t\t<\/div>\n\t\t\t\t<div class=\"elementor-element elementor-element-75e94b6 elementor-mobile-align-center elementor-align-center elementor-invisible elementor-widget elementor-widget-button\" data-id=\"75e94b6\" data-element_type=\"widget\" data-e-type=\"widget\" data-settings=\"{&quot;_animation&quot;:&quot;fadeInUp&quot;}\" data-widget_type=\"button.default\">\n\t\t\t\t<div class=\"elementor-widget-container\">\n\t\t\t\t\t\t\t\t\t<div class=\"elementor-button-wrapper\">\n\t\t\t\t\t<a class=\"elementor-button elementor-button-link elementor-size-md elementor-animation-grow\" href=\"https:\/\/hsclabs.com\/pt-br\/mindaware-experience\/\">\n\t\t\t\t\t\t<span class=\"elementor-button-content-wrapper\">\n\t\t\t\t\t\t\t\t\t<span class=\"elementor-button-text\">Saiba mais<\/span>\n\t\t\t\t\t<\/span>\n\t\t\t\t\t<\/a>\n\t\t\t\t<\/div>\n\t\t\t\t\t\t\t\t<\/div>\n\t\t\t\t<\/div>\n\t\t\t\t<div class=\"elementor-element elementor-element-700487e elementor-widget elementor-widget-image\" data-id=\"700487e\" data-element_type=\"widget\" data-e-type=\"widget\" data-widget_type=\"image.default\">\n\t\t\t\t<div class=\"elementor-widget-container\">\n\t\t\t\t\t\t\t\t\t\t\t\t\t\t\t<img loading=\"lazy\" decoding=\"async\" width=\"800\" height=\"452\" src=\"https:\/\/hsclabs.com\/wp-content\/uploads\/2023\/09\/MindAware-Experience-HSC-top-1024x579.jpg\" class=\"attachment-large size-large wp-image-5619\" alt=\"\" srcset=\"https:\/\/hsclabs.com\/wp-content\/uploads\/2023\/09\/MindAware-Experience-HSC-top-1024x579.jpg 1024w, https:\/\/hsclabs.com\/wp-content\/uploads\/2023\/09\/MindAware-Experience-HSC-top-300x170.jpg 300w, https:\/\/hsclabs.com\/wp-content\/uploads\/2023\/09\/MindAware-Experience-HSC-top-768x434.jpg 768w, https:\/\/hsclabs.com\/wp-content\/uploads\/2023\/09\/MindAware-Experience-HSC-top-1536x868.jpg 1536w, https:\/\/hsclabs.com\/wp-content\/uploads\/2023\/09\/MindAware-Experience-HSC-top.jpg 2000w\" sizes=\"(max-width: 800px) 100vw, 800px\" \/>\t\t\t\t\t\t\t\t\t\t\t\t\t\t\t<\/div>\n\t\t\t\t<\/div>\n\t\t\t\t\t<\/div>\n\t\t<\/div>\n\t\t\t\t\t<\/div>\n\t\t<\/section>\n\t\t\t\t\t<\/div>\n\t\t<\/div>\n\t\t\t\t\t<\/div>\n\t\t<\/section>\n\t\t\t\t<\/div>\n\t\t","protected":false},"excerpt":{"rendered":"<p>Conscientiza\u00e7\u00e3o em Seguran\u00e7a da Informa\u00e7\u00e3o Solu\u00e7\u00f5es de treinamento e conscientiza\u00e7\u00e3o em ciberseguran\u00e7a para capacitar seu time a reconhecer e combater amea\u00e7as. Solu\u00e7\u00e3o abrangente de conscientiza\u00e7\u00e3o em ciberseguran\u00e7a em uma plataforma de treinamento completa e customiz\u00e1vel, na qual voc\u00ea pode centralizar todos os treinamentos corporativos. Saiba mais Quer melhorar a conscientiza\u00e7\u00e3o sobre ciberseguran\u00e7a na sua empresa, [&hellip;]<\/p>\n","protected":false},"author":1,"featured_media":0,"parent":0,"menu_order":0,"comment_status":"closed","ping_status":"closed","template":"elementor_header_footer","meta":{"footnotes":""},"class_list":["post-6262","page","type-page","status-publish","hentry"],"yoast_head":"<!-- This site is optimized with the Yoast SEO plugin v27.5 - https:\/\/yoast.com\/product\/yoast-seo-wordpress\/ -->\n<title>Conscientiza\u00e7\u00e3o em ciberseguran\u00e7a - MindAware - HSC Labs<\/title>\n<meta name=\"description\" content=\"Solu\u00e7\u00f5es de treinamento e conscientiza\u00e7\u00e3o em ciberseguran\u00e7a para capacitar seu time a reconhecer e combater amea\u00e7as.\" \/>\n<meta name=\"robots\" content=\"index, follow, max-snippet:-1, max-image-preview:large, max-video-preview:-1\" \/>\n<link rel=\"canonical\" href=\"https:\/\/hsclabs.com\/pt-br\/mindaware\/\" \/>\n<meta property=\"og:locale\" content=\"pt_BR\" \/>\n<meta property=\"og:type\" content=\"article\" \/>\n<meta property=\"og:title\" content=\"Conscientiza\u00e7\u00e3o em ciberseguran\u00e7a - MindAware - HSC Labs\" \/>\n<meta property=\"og:description\" content=\"Solu\u00e7\u00f5es de treinamento e conscientiza\u00e7\u00e3o em ciberseguran\u00e7a para capacitar seu time a reconhecer e combater amea\u00e7as.\" \/>\n<meta property=\"og:url\" content=\"https:\/\/hsclabs.com\/pt-br\/mindaware\/\" \/>\n<meta property=\"og:site_name\" content=\"HSC Labs\" \/>\n<meta property=\"article:modified_time\" content=\"2024-02-09T01:33:20+00:00\" \/>\n<meta property=\"og:image\" content=\"https:\/\/hsclabs.com\/wp-content\/uploads\/2023\/07\/Logo-Mindaware-02.png\" \/>\n<meta name=\"twitter:card\" content=\"summary_large_image\" \/>\n<meta name=\"twitter:label1\" content=\"Est. tempo de leitura\" \/>\n\t<meta name=\"twitter:data1\" content=\"2 minutos\" \/>\n<script type=\"application\/ld+json\" class=\"yoast-schema-graph\">{\"@context\":\"https:\\\/\\\/schema.org\",\"@graph\":[{\"@type\":\"WebPage\",\"@id\":\"https:\\\/\\\/hsclabs.com\\\/pt-br\\\/mindaware\\\/\",\"url\":\"https:\\\/\\\/hsclabs.com\\\/pt-br\\\/mindaware\\\/\",\"name\":\"Conscientiza\u00e7\u00e3o em ciberseguran\u00e7a - MindAware - HSC Labs\",\"isPartOf\":{\"@id\":\"https:\\\/\\\/hsclabs.com\\\/pt-br\\\/#website\"},\"primaryImageOfPage\":{\"@id\":\"https:\\\/\\\/hsclabs.com\\\/pt-br\\\/mindaware\\\/#primaryimage\"},\"image\":{\"@id\":\"https:\\\/\\\/hsclabs.com\\\/pt-br\\\/mindaware\\\/#primaryimage\"},\"thumbnailUrl\":\"https:\\\/\\\/hsclabs.com\\\/wp-content\\\/uploads\\\/2023\\\/07\\\/Logo-Mindaware-02.png\",\"datePublished\":\"2023-09-21T23:47:52+00:00\",\"dateModified\":\"2024-02-09T01:33:20+00:00\",\"description\":\"Solu\u00e7\u00f5es de treinamento e conscientiza\u00e7\u00e3o em ciberseguran\u00e7a para capacitar seu time a reconhecer e combater amea\u00e7as.\",\"breadcrumb\":{\"@id\":\"https:\\\/\\\/hsclabs.com\\\/pt-br\\\/mindaware\\\/#breadcrumb\"},\"inLanguage\":\"pt-BR\",\"potentialAction\":[{\"@type\":\"ReadAction\",\"target\":[\"https:\\\/\\\/hsclabs.com\\\/pt-br\\\/mindaware\\\/\"]}]},{\"@type\":\"ImageObject\",\"inLanguage\":\"pt-BR\",\"@id\":\"https:\\\/\\\/hsclabs.com\\\/pt-br\\\/mindaware\\\/#primaryimage\",\"url\":\"https:\\\/\\\/hsclabs.com\\\/wp-content\\\/uploads\\\/2023\\\/07\\\/Logo-Mindaware-02.png\",\"contentUrl\":\"https:\\\/\\\/hsclabs.com\\\/wp-content\\\/uploads\\\/2023\\\/07\\\/Logo-Mindaware-02.png\"},{\"@type\":\"BreadcrumbList\",\"@id\":\"https:\\\/\\\/hsclabs.com\\\/pt-br\\\/mindaware\\\/#breadcrumb\",\"itemListElement\":[{\"@type\":\"ListItem\",\"position\":1,\"name\":\"Home\",\"item\":\"https:\\\/\\\/hsclabs.com\\\/pt-br\\\/\"},{\"@type\":\"ListItem\",\"position\":2,\"name\":\"Conscientiza\u00e7\u00e3o em ciberseguran\u00e7a &#8211; MindAware\"}]},{\"@type\":\"WebSite\",\"@id\":\"https:\\\/\\\/hsclabs.com\\\/pt-br\\\/#website\",\"url\":\"https:\\\/\\\/hsclabs.com\\\/pt-br\\\/\",\"name\":\"HSC Cybersecurity\",\"description\":\"Full-scope cybersecurity solutions\",\"publisher\":{\"@id\":\"https:\\\/\\\/hsclabs.com\\\/pt-br\\\/#organization\"},\"potentialAction\":[{\"@type\":\"SearchAction\",\"target\":{\"@type\":\"EntryPoint\",\"urlTemplate\":\"https:\\\/\\\/hsclabs.com\\\/pt-br\\\/?s={search_term_string}\"},\"query-input\":{\"@type\":\"PropertyValueSpecification\",\"valueRequired\":true,\"valueName\":\"search_term_string\"}}],\"inLanguage\":\"pt-BR\"},{\"@type\":\"Organization\",\"@id\":\"https:\\\/\\\/hsclabs.com\\\/pt-br\\\/#organization\",\"name\":\"HSC Cybersecurity\",\"url\":\"https:\\\/\\\/hsclabs.com\\\/pt-br\\\/\",\"logo\":{\"@type\":\"ImageObject\",\"inLanguage\":\"pt-BR\",\"@id\":\"https:\\\/\\\/hsclabs.com\\\/pt-br\\\/#\\\/schema\\\/logo\\\/image\\\/\",\"url\":\"https:\\\/\\\/hsclabs.com\\\/wp-content\\\/uploads\\\/2023\\\/07\\\/cropped-Logo-HSC-01.png\",\"contentUrl\":\"https:\\\/\\\/hsclabs.com\\\/wp-content\\\/uploads\\\/2023\\\/07\\\/cropped-Logo-HSC-01.png\",\"width\":1496,\"height\":510,\"caption\":\"HSC Cybersecurity\"},\"image\":{\"@id\":\"https:\\\/\\\/hsclabs.com\\\/pt-br\\\/#\\\/schema\\\/logo\\\/image\\\/\"},\"sameAs\":[\"https:\\\/\\\/www.linkedin.com\\\/company\\\/high-security-center\\\/\",\"https:\\\/\\\/www.instagram.com\\\/hsclabs\"]}]}<\/script>\n<!-- \/ Yoast SEO plugin. -->","yoast_head_json":{"title":"Conscientiza\u00e7\u00e3o em ciberseguran\u00e7a - MindAware - HSC Labs","description":"Solu\u00e7\u00f5es de treinamento e conscientiza\u00e7\u00e3o em ciberseguran\u00e7a para capacitar seu time a reconhecer e combater amea\u00e7as.","robots":{"index":"index","follow":"follow","max-snippet":"max-snippet:-1","max-image-preview":"max-image-preview:large","max-video-preview":"max-video-preview:-1"},"canonical":"https:\/\/hsclabs.com\/pt-br\/mindaware\/","og_locale":"pt_BR","og_type":"article","og_title":"Conscientiza\u00e7\u00e3o em ciberseguran\u00e7a - MindAware - HSC Labs","og_description":"Solu\u00e7\u00f5es de treinamento e conscientiza\u00e7\u00e3o em ciberseguran\u00e7a para capacitar seu time a reconhecer e combater amea\u00e7as.","og_url":"https:\/\/hsclabs.com\/pt-br\/mindaware\/","og_site_name":"HSC Labs","article_modified_time":"2024-02-09T01:33:20+00:00","og_image":[{"url":"https:\/\/hsclabs.com\/wp-content\/uploads\/2023\/07\/Logo-Mindaware-02.png","type":"","width":"","height":""}],"twitter_card":"summary_large_image","twitter_misc":{"Est. tempo de leitura":"2 minutos"},"schema":{"@context":"https:\/\/schema.org","@graph":[{"@type":"WebPage","@id":"https:\/\/hsclabs.com\/pt-br\/mindaware\/","url":"https:\/\/hsclabs.com\/pt-br\/mindaware\/","name":"Conscientiza\u00e7\u00e3o em ciberseguran\u00e7a - MindAware - HSC Labs","isPartOf":{"@id":"https:\/\/hsclabs.com\/pt-br\/#website"},"primaryImageOfPage":{"@id":"https:\/\/hsclabs.com\/pt-br\/mindaware\/#primaryimage"},"image":{"@id":"https:\/\/hsclabs.com\/pt-br\/mindaware\/#primaryimage"},"thumbnailUrl":"https:\/\/hsclabs.com\/wp-content\/uploads\/2023\/07\/Logo-Mindaware-02.png","datePublished":"2023-09-21T23:47:52+00:00","dateModified":"2024-02-09T01:33:20+00:00","description":"Solu\u00e7\u00f5es de treinamento e conscientiza\u00e7\u00e3o em ciberseguran\u00e7a para capacitar seu time a reconhecer e combater amea\u00e7as.","breadcrumb":{"@id":"https:\/\/hsclabs.com\/pt-br\/mindaware\/#breadcrumb"},"inLanguage":"pt-BR","potentialAction":[{"@type":"ReadAction","target":["https:\/\/hsclabs.com\/pt-br\/mindaware\/"]}]},{"@type":"ImageObject","inLanguage":"pt-BR","@id":"https:\/\/hsclabs.com\/pt-br\/mindaware\/#primaryimage","url":"https:\/\/hsclabs.com\/wp-content\/uploads\/2023\/07\/Logo-Mindaware-02.png","contentUrl":"https:\/\/hsclabs.com\/wp-content\/uploads\/2023\/07\/Logo-Mindaware-02.png"},{"@type":"BreadcrumbList","@id":"https:\/\/hsclabs.com\/pt-br\/mindaware\/#breadcrumb","itemListElement":[{"@type":"ListItem","position":1,"name":"Home","item":"https:\/\/hsclabs.com\/pt-br\/"},{"@type":"ListItem","position":2,"name":"Conscientiza\u00e7\u00e3o em ciberseguran\u00e7a &#8211; MindAware"}]},{"@type":"WebSite","@id":"https:\/\/hsclabs.com\/pt-br\/#website","url":"https:\/\/hsclabs.com\/pt-br\/","name":"HSC Cybersecurity","description":"Full-scope cybersecurity solutions","publisher":{"@id":"https:\/\/hsclabs.com\/pt-br\/#organization"},"potentialAction":[{"@type":"SearchAction","target":{"@type":"EntryPoint","urlTemplate":"https:\/\/hsclabs.com\/pt-br\/?s={search_term_string}"},"query-input":{"@type":"PropertyValueSpecification","valueRequired":true,"valueName":"search_term_string"}}],"inLanguage":"pt-BR"},{"@type":"Organization","@id":"https:\/\/hsclabs.com\/pt-br\/#organization","name":"HSC Cybersecurity","url":"https:\/\/hsclabs.com\/pt-br\/","logo":{"@type":"ImageObject","inLanguage":"pt-BR","@id":"https:\/\/hsclabs.com\/pt-br\/#\/schema\/logo\/image\/","url":"https:\/\/hsclabs.com\/wp-content\/uploads\/2023\/07\/cropped-Logo-HSC-01.png","contentUrl":"https:\/\/hsclabs.com\/wp-content\/uploads\/2023\/07\/cropped-Logo-HSC-01.png","width":1496,"height":510,"caption":"HSC Cybersecurity"},"image":{"@id":"https:\/\/hsclabs.com\/pt-br\/#\/schema\/logo\/image\/"},"sameAs":["https:\/\/www.linkedin.com\/company\/high-security-center\/","https:\/\/www.instagram.com\/hsclabs"]}]}},"_links":{"self":[{"href":"https:\/\/hsclabs.com\/pt-br\/wp-json\/wp\/v2\/pages\/6262","targetHints":{"allow":["GET"]}}],"collection":[{"href":"https:\/\/hsclabs.com\/pt-br\/wp-json\/wp\/v2\/pages"}],"about":[{"href":"https:\/\/hsclabs.com\/pt-br\/wp-json\/wp\/v2\/types\/page"}],"author":[{"embeddable":true,"href":"https:\/\/hsclabs.com\/pt-br\/wp-json\/wp\/v2\/users\/1"}],"replies":[{"embeddable":true,"href":"https:\/\/hsclabs.com\/pt-br\/wp-json\/wp\/v2\/comments?post=6262"}],"version-history":[{"count":23,"href":"https:\/\/hsclabs.com\/pt-br\/wp-json\/wp\/v2\/pages\/6262\/revisions"}],"predecessor-version":[{"id":14046,"href":"https:\/\/hsclabs.com\/pt-br\/wp-json\/wp\/v2\/pages\/6262\/revisions\/14046"}],"wp:attachment":[{"href":"https:\/\/hsclabs.com\/pt-br\/wp-json\/wp\/v2\/media?parent=6262"}],"curies":[{"name":"wp","href":"https:\/\/api.w.org\/{rel}","templated":true}]}}