{"id":6295,"date":"2023-08-02T15:52:53","date_gmt":"2023-08-02T15:52:53","guid":{"rendered":"https:\/\/hsclabs.a2hosted.com\/inicie-o-seu-free-trial\/"},"modified":"2024-10-10T20:08:12","modified_gmt":"2024-10-10T20:08:12","slug":"free-trial","status":"publish","type":"page","link":"https:\/\/hsclabs.com\/pt-br\/free-trial\/","title":{"rendered":"Inicie o seu Free Trial"},"content":{"rendered":"\t\t<div data-elementor-type=\"wp-page\" data-elementor-id=\"6295\" class=\"elementor elementor-6295 elementor-1939\" data-elementor-settings=\"{&quot;ha_cmc_init_switcher&quot;:&quot;no&quot;}\" data-elementor-post-type=\"page\">\n\t\t\t\t\t\t<section class=\"elementor-section elementor-top-section elementor-element elementor-element-dc0435e elementor-section-boxed elementor-section-height-default elementor-section-height-default\" data-id=\"dc0435e\" data-element_type=\"section\" data-e-type=\"section\" data-settings=\"{&quot;background_background&quot;:&quot;classic&quot;,&quot;_ha_eqh_enable&quot;:false}\">\n\t\t\t\t\t\t\t<div class=\"elementor-background-overlay\"><\/div>\n\t\t\t\t\t\t\t<div class=\"elementor-container elementor-column-gap-default\">\n\t\t\t\t\t<div class=\"elementor-column elementor-col-100 elementor-top-column elementor-element elementor-element-c8e7d96\" data-id=\"c8e7d96\" data-element_type=\"column\" data-e-type=\"column\">\n\t\t\t<div class=\"elementor-widget-wrap elementor-element-populated\">\n\t\t\t\t\t\t<section class=\"elementor-section elementor-inner-section elementor-element elementor-element-7e5c1ad elementor-section-boxed elementor-section-height-default elementor-section-height-default\" data-id=\"7e5c1ad\" data-element_type=\"section\" data-e-type=\"section\" data-settings=\"{&quot;_ha_eqh_enable&quot;:false}\">\n\t\t\t\t\t\t<div class=\"elementor-container elementor-column-gap-default\">\n\t\t\t\t\t<div class=\"elementor-column elementor-col-50 elementor-inner-column elementor-element elementor-element-66722da\" data-id=\"66722da\" data-element_type=\"column\" data-e-type=\"column\">\n\t\t\t<div class=\"elementor-widget-wrap elementor-element-populated\">\n\t\t\t\t\t\t<div class=\"elementor-element elementor-element-76a896e elementor-invisible elementor-widget elementor-widget-heading\" data-id=\"76a896e\" data-element_type=\"widget\" data-e-type=\"widget\" data-settings=\"{&quot;_animation&quot;:&quot;fadeInRight&quot;}\" data-widget_type=\"heading.default\">\n\t\t\t\t<div class=\"elementor-widget-container\">\n\t\t\t\t\t<h1 class=\"elementor-heading-title elementor-size-default\">Solicite um free trial\n<\/h1>\t\t\t\t<\/div>\n\t\t\t\t<\/div>\n\t\t\t\t<div class=\"elementor-element elementor-element-9b0138d elementor-widget-divider--view-line elementor-invisible elementor-widget elementor-widget-divider\" data-id=\"9b0138d\" data-element_type=\"widget\" data-e-type=\"widget\" data-settings=\"{&quot;_animation&quot;:&quot;fadeInLeft&quot;}\" data-widget_type=\"divider.default\">\n\t\t\t\t<div class=\"elementor-widget-container\">\n\t\t\t\t\t\t\t<div class=\"elementor-divider\">\n\t\t\t<span class=\"elementor-divider-separator\">\n\t\t\t\t\t\t<\/span>\n\t\t<\/div>\n\t\t\t\t\t\t<\/div>\n\t\t\t\t<\/div>\n\t\t\t\t<div class=\"elementor-element elementor-element-a8f9a34 elementor-invisible elementor-widget elementor-widget-text-editor\" data-id=\"a8f9a34\" data-element_type=\"widget\" data-e-type=\"widget\" data-settings=\"{&quot;_animation&quot;:&quot;fadeInUp&quot;}\" data-widget_type=\"text-editor.default\">\n\t\t\t\t<div class=\"elementor-widget-container\">\n\t\t\t\t\t\t\t\t\t<p>Experimente a seguran\u00e7a de pr\u00f3xima gera\u00e7\u00e3o. Comece o seu teste gratuito de 15 dias.<\/p>\n\t\t\t\t\t\t\t\t<\/div>\n\t\t\t\t<\/div>\n\t\t\t\t\t<\/div>\n\t\t<\/div>\n\t\t\t\t<div class=\"elementor-column elementor-col-50 elementor-inner-column elementor-element elementor-element-febe82b\" data-id=\"febe82b\" data-element_type=\"column\" data-e-type=\"column\">\n\t\t\t<div class=\"elementor-widget-wrap\">\n\t\t\t\t\t\t\t<\/div>\n\t\t<\/div>\n\t\t\t\t\t<\/div>\n\t\t<\/section>\n\t\t\t\t\t<\/div>\n\t\t<\/div>\n\t\t\t\t\t<\/div>\n\t\t<\/section>\n\t\t\t\t<section class=\"elementor-section elementor-top-section elementor-element elementor-element-7cbdb33 elementor-section-boxed elementor-section-height-default elementor-section-height-default\" data-id=\"7cbdb33\" data-element_type=\"section\" data-e-type=\"section\" data-settings=\"{&quot;background_background&quot;:&quot;classic&quot;,&quot;background_motion_fx_motion_fx_scrolling&quot;:&quot;yes&quot;,&quot;background_motion_fx_devices&quot;:[&quot;desktop&quot;,&quot;tablet&quot;,&quot;mobile&quot;],&quot;_ha_eqh_enable&quot;:false}\">\n\t\t\t\t\t\t\t<div class=\"elementor-background-overlay\"><\/div>\n\t\t\t\t\t\t\t<div class=\"elementor-container elementor-column-gap-default\">\n\t\t\t\t\t<div class=\"elementor-column elementor-col-50 elementor-top-column elementor-element elementor-element-dc6dbe9\" data-id=\"dc6dbe9\" data-element_type=\"column\" data-e-type=\"column\">\n\t\t\t<div class=\"elementor-widget-wrap elementor-element-populated\">\n\t\t\t\t\t\t<div class=\"elementor-element elementor-element-13b8716 elementor-invisible elementor-widget elementor-widget-heading\" data-id=\"13b8716\" data-element_type=\"widget\" data-e-type=\"widget\" data-settings=\"{&quot;_animation&quot;:&quot;fadeInRight&quot;}\" data-widget_type=\"heading.default\">\n\t\t\t\t<div class=\"elementor-widget-container\">\n\t\t\t\t\t<p class=\"elementor-heading-title elementor-size-default\">Prote\u00e7\u00e3o de dados<\/p>\t\t\t\t<\/div>\n\t\t\t\t<\/div>\n\t\t\t\t<div class=\"elementor-element elementor-element-16d87fb elementor-invisible elementor-widget elementor-widget-heading\" data-id=\"16d87fb\" data-element_type=\"widget\" data-e-type=\"widget\" data-settings=\"{&quot;_animation&quot;:&quot;fadeInUp&quot;}\" data-widget_type=\"heading.default\">\n\t\t\t\t<div class=\"elementor-widget-container\">\n\t\t\t\t\t<h2 class=\"elementor-heading-title elementor-size-default\">Veja a HSC em a\u00e7\u00e3o<\/h2>\t\t\t\t<\/div>\n\t\t\t\t<\/div>\n\t\t\t\t<div class=\"elementor-element elementor-element-7ca460f elementor-widget-divider--view-line elementor-invisible elementor-widget elementor-widget-divider\" data-id=\"7ca460f\" data-element_type=\"widget\" data-e-type=\"widget\" data-settings=\"{&quot;_animation&quot;:&quot;fadeInUp&quot;}\" data-widget_type=\"divider.default\">\n\t\t\t\t<div class=\"elementor-widget-container\">\n\t\t\t\t\t\t\t<div class=\"elementor-divider\">\n\t\t\t<span class=\"elementor-divider-separator\">\n\t\t\t\t\t\t<\/span>\n\t\t<\/div>\n\t\t\t\t\t\t<\/div>\n\t\t\t\t<\/div>\n\t\t\t\t<div class=\"elementor-element elementor-element-979eba6 elementor-icon-list--layout-traditional elementor-list-item-link-full_width elementor-invisible elementor-widget elementor-widget-icon-list\" data-id=\"979eba6\" data-element_type=\"widget\" data-e-type=\"widget\" data-settings=\"{&quot;_animation&quot;:&quot;fadeInLeft&quot;}\" data-widget_type=\"icon-list.default\">\n\t\t\t\t<div class=\"elementor-widget-container\">\n\t\t\t\t\t\t\t<ul class=\"elementor-icon-list-items\">\n\t\t\t\t\t\t\t<li class=\"elementor-icon-list-item\">\n\t\t\t\t\t\t\t\t\t\t<span class=\"elementor-icon-list-text\">Fale com nossa equipe para entender como n\u00f3s:<\/span>\n\t\t\t\t\t\t\t\t\t<\/li>\n\t\t\t\t\t\t\t\t<li class=\"elementor-icon-list-item\">\n\t\t\t\t\t\t\t\t\t\t\t<span class=\"elementor-icon-list-icon\">\n\t\t\t\t\t\t\t<i aria-hidden=\"true\" class=\"far fa-arrow-alt-circle-right\"><\/i>\t\t\t\t\t\t<\/span>\n\t\t\t\t\t\t\t\t\t\t<span class=\"elementor-icon-list-text\">Bloqueamos amea\u00e7as avan\u00e7adas.<\/span>\n\t\t\t\t\t\t\t\t\t<\/li>\n\t\t\t\t\t\t\t\t<li class=\"elementor-icon-list-item\">\n\t\t\t\t\t\t\t\t\t\t\t<span class=\"elementor-icon-list-icon\">\n\t\t\t\t\t\t\t<i aria-hidden=\"true\" class=\"far fa-arrow-alt-circle-right\"><\/i>\t\t\t\t\t\t<\/span>\n\t\t\t\t\t\t\t\t\t\t<span class=\"elementor-icon-list-text\">Utilizamos Advanced Threat Intelligence.<\/span>\n\t\t\t\t\t\t\t\t\t<\/li>\n\t\t\t\t\t\t\t\t<li class=\"elementor-icon-list-item\">\n\t\t\t\t\t\t\t\t\t\t\t<span class=\"elementor-icon-list-icon\">\n\t\t\t\t\t\t\t<i aria-hidden=\"true\" class=\"far fa-arrow-alt-circle-right\"><\/i>\t\t\t\t\t\t<\/span>\n\t\t\t\t\t\t\t\t\t\t<span class=\"elementor-icon-list-text\">Fornecemos resposta a incidentes e an\u00e1lise forense.<\/span>\n\t\t\t\t\t\t\t\t\t<\/li>\n\t\t\t\t\t\t\t\t<li class=\"elementor-icon-list-item\">\n\t\t\t\t\t\t\t\t\t\t\t<span class=\"elementor-icon-list-icon\">\n\t\t\t\t\t\t\t<i aria-hidden=\"true\" class=\"far fa-arrow-alt-circle-right\"><\/i>\t\t\t\t\t\t<\/span>\n\t\t\t\t\t\t\t\t\t\t<span class=\"elementor-icon-list-text\">Fazemos uso de IA e ML para detec\u00e7\u00e3o.<\/span>\n\t\t\t\t\t\t\t\t\t<\/li>\n\t\t\t\t\t\t\t\t<li class=\"elementor-icon-list-item\">\n\t\t\t\t\t\t\t\t\t\t\t<span class=\"elementor-icon-list-icon\">\n\t\t\t\t\t\t\t<i aria-hidden=\"true\" class=\"far fa-arrow-alt-circle-right\"><\/i>\t\t\t\t\t\t<\/span>\n\t\t\t\t\t\t\t\t\t\t<span class=\"elementor-icon-list-text\">Oferecemos Security Awareness Training.<\/span>\n\t\t\t\t\t\t\t\t\t<\/li>\n\t\t\t\t\t\t\t\t<li class=\"elementor-icon-list-item\">\n\t\t\t\t\t\t\t\t\t\t\t<span class=\"elementor-icon-list-icon\">\n\t\t\t\t\t\t\t<i aria-hidden=\"true\" class=\"far fa-arrow-alt-circle-right\"><\/i>\t\t\t\t\t\t<\/span>\n\t\t\t\t\t\t\t\t\t\t<span class=\"elementor-icon-list-text\">Integramos com Microsoft 365, Google e outros.<\/span>\n\t\t\t\t\t\t\t\t\t<\/li>\n\t\t\t\t\t\t<\/ul>\n\t\t\t\t\t\t<\/div>\n\t\t\t\t<\/div>\n\t\t\t\t<div class=\"elementor-element elementor-element-addfe9e elementor-widget elementor-widget-image\" data-id=\"addfe9e\" data-element_type=\"widget\" data-e-type=\"widget\" data-widget_type=\"image.default\">\n\t\t\t\t<div class=\"elementor-widget-container\">\n\t\t\t\t\t\t\t\t\t\t\t\t\t\t\t<img fetchpriority=\"high\" decoding=\"async\" width=\"1497\" height=\"511\" src=\"https:\/\/hsclabs.com\/wp-content\/uploads\/2023\/07\/Logo-HSC-01.png\" class=\"attachment-full size-full wp-image-5470\" alt=\"\" srcset=\"https:\/\/hsclabs.com\/wp-content\/uploads\/2023\/07\/Logo-HSC-01.png 1497w, https:\/\/hsclabs.com\/wp-content\/uploads\/2023\/07\/Logo-HSC-01-300x102.png 300w, https:\/\/hsclabs.com\/wp-content\/uploads\/2023\/07\/Logo-HSC-01-1024x350.png 1024w, https:\/\/hsclabs.com\/wp-content\/uploads\/2023\/07\/Logo-HSC-01-768x262.png 768w\" sizes=\"(max-width: 1497px) 100vw, 1497px\" \/>\t\t\t\t\t\t\t\t\t\t\t\t\t\t\t<\/div>\n\t\t\t\t<\/div>\n\t\t\t\t\t<\/div>\n\t\t<\/div>\n\t\t\t\t<div class=\"elementor-column elementor-col-50 elementor-top-column elementor-element elementor-element-be81a3b elementor-invisible\" data-id=\"be81a3b\" data-element_type=\"column\" data-e-type=\"column\" data-settings=\"{&quot;background_background&quot;:&quot;classic&quot;,&quot;animation&quot;:&quot;fadeInUp&quot;}\">\n\t\t\t<div class=\"elementor-widget-wrap elementor-element-populated\">\n\t\t\t\t\t\t<div class=\"elementor-element elementor-element-23a6b3d elementor-widget elementor-widget-html\" data-id=\"23a6b3d\" data-element_type=\"widget\" data-e-type=\"widget\" data-widget_type=\"html.default\">\n\t\t\t\t<div class=\"elementor-widget-container\">\n\t\t\t\t\t<div class=\"pipedriveWebForms\" data-pd-webforms=\"https:\/\/webforms.pipedrive.com\/f\/ccULuj9eftDtgO7xBK8fwpZ9Vj2vTqp0ob16st6pnxpHvdkDexdlCHSNFzp6hY3Gy7\"><script src=\"https:\/\/webforms.pipedrive.com\/f\/loader\"><\/script><\/div>\t\t\t\t<\/div>\n\t\t\t\t<\/div>\n\t\t\t\t\t<\/div>\n\t\t<\/div>\n\t\t\t\t\t<\/div>\n\t\t<\/section>\n\t\t\t\t<\/div>\n\t\t","protected":false},"excerpt":{"rendered":"<p>Solicite um free trial Experimente a seguran\u00e7a de pr\u00f3xima gera\u00e7\u00e3o. Comece o seu teste gratuito de 15 dias. Prote\u00e7\u00e3o de dados Veja a HSC em a\u00e7\u00e3o Fale com nossa equipe para entender como n\u00f3s: Bloqueamos amea\u00e7as avan\u00e7adas. Utilizamos Advanced Threat Intelligence. Fornecemos resposta a incidentes e an\u00e1lise forense. Fazemos uso de IA e ML para [&hellip;]<\/p>\n","protected":false},"author":1,"featured_media":5616,"parent":0,"menu_order":0,"comment_status":"closed","ping_status":"closed","template":"elementor_header_footer","meta":{"footnotes":""},"class_list":["post-6295","page","type-page","status-publish","has-post-thumbnail","hentry"],"yoast_head":"<!-- This site is optimized with the Yoast SEO plugin v27.5 - https:\/\/yoast.com\/product\/yoast-seo-wordpress\/ -->\n<title>Inicie o seu Free Trial - HSC Labs<\/title>\n<meta name=\"description\" content=\"Experimente a seguran\u00e7a de pr\u00f3xima gera\u00e7\u00e3o. Comece o seu teste gratuito de 15 dias.\" \/>\n<meta name=\"robots\" content=\"index, follow, max-snippet:-1, max-image-preview:large, max-video-preview:-1\" \/>\n<link rel=\"canonical\" href=\"https:\/\/hsclabs.com\/pt-br\/free-trial\/\" \/>\n<meta property=\"og:locale\" content=\"pt_BR\" \/>\n<meta property=\"og:type\" content=\"article\" \/>\n<meta property=\"og:title\" content=\"Inicie o seu Free Trial - HSC Labs\" \/>\n<meta property=\"og:description\" content=\"Experimente a seguran\u00e7a de pr\u00f3xima gera\u00e7\u00e3o. Comece o seu teste gratuito de 15 dias.\" \/>\n<meta property=\"og:url\" content=\"https:\/\/hsclabs.com\/pt-br\/free-trial\/\" \/>\n<meta property=\"og:site_name\" content=\"HSC Labs\" \/>\n<meta property=\"article:modified_time\" content=\"2024-10-10T20:08:12+00:00\" \/>\n<meta property=\"og:image\" content=\"https:\/\/hsclabs.com\/wp-content\/uploads\/2023\/09\/Free-Trial-HSC-top.jpg\" \/>\n\t<meta property=\"og:image:width\" content=\"2000\" \/>\n\t<meta property=\"og:image:height\" content=\"1130\" \/>\n\t<meta property=\"og:image:type\" content=\"image\/jpeg\" \/>\n<meta name=\"twitter:card\" content=\"summary_large_image\" \/>\n<meta name=\"twitter:label1\" content=\"Est. tempo de leitura\" \/>\n\t<meta name=\"twitter:data1\" content=\"1 minuto\" \/>\n<script type=\"application\/ld+json\" class=\"yoast-schema-graph\">{\"@context\":\"https:\\\/\\\/schema.org\",\"@graph\":[{\"@type\":\"WebPage\",\"@id\":\"https:\\\/\\\/hsclabs.com\\\/pt-br\\\/free-trial\\\/\",\"url\":\"https:\\\/\\\/hsclabs.com\\\/pt-br\\\/free-trial\\\/\",\"name\":\"Inicie o seu Free Trial - HSC Labs\",\"isPartOf\":{\"@id\":\"https:\\\/\\\/hsclabs.com\\\/pt-br\\\/#website\"},\"primaryImageOfPage\":{\"@id\":\"https:\\\/\\\/hsclabs.com\\\/pt-br\\\/free-trial\\\/#primaryimage\"},\"image\":{\"@id\":\"https:\\\/\\\/hsclabs.com\\\/pt-br\\\/free-trial\\\/#primaryimage\"},\"thumbnailUrl\":\"https:\\\/\\\/hsclabs.com\\\/wp-content\\\/uploads\\\/2023\\\/09\\\/Free-Trial-HSC-top.jpg\",\"datePublished\":\"2023-08-02T15:52:53+00:00\",\"dateModified\":\"2024-10-10T20:08:12+00:00\",\"description\":\"Experimente a seguran\u00e7a de pr\u00f3xima gera\u00e7\u00e3o. Comece o seu teste gratuito de 15 dias.\",\"breadcrumb\":{\"@id\":\"https:\\\/\\\/hsclabs.com\\\/pt-br\\\/free-trial\\\/#breadcrumb\"},\"inLanguage\":\"pt-BR\",\"potentialAction\":[{\"@type\":\"ReadAction\",\"target\":[\"https:\\\/\\\/hsclabs.com\\\/pt-br\\\/free-trial\\\/\"]}]},{\"@type\":\"ImageObject\",\"inLanguage\":\"pt-BR\",\"@id\":\"https:\\\/\\\/hsclabs.com\\\/pt-br\\\/free-trial\\\/#primaryimage\",\"url\":\"https:\\\/\\\/hsclabs.com\\\/wp-content\\\/uploads\\\/2023\\\/09\\\/Free-Trial-HSC-top.jpg\",\"contentUrl\":\"https:\\\/\\\/hsclabs.com\\\/wp-content\\\/uploads\\\/2023\\\/09\\\/Free-Trial-HSC-top.jpg\",\"width\":2000,\"height\":1130},{\"@type\":\"BreadcrumbList\",\"@id\":\"https:\\\/\\\/hsclabs.com\\\/pt-br\\\/free-trial\\\/#breadcrumb\",\"itemListElement\":[{\"@type\":\"ListItem\",\"position\":1,\"name\":\"Home\",\"item\":\"https:\\\/\\\/hsclabs.com\\\/pt-br\\\/\"},{\"@type\":\"ListItem\",\"position\":2,\"name\":\"Inicie o seu Free Trial\"}]},{\"@type\":\"WebSite\",\"@id\":\"https:\\\/\\\/hsclabs.com\\\/pt-br\\\/#website\",\"url\":\"https:\\\/\\\/hsclabs.com\\\/pt-br\\\/\",\"name\":\"HSC Cybersecurity\",\"description\":\"Full-scope cybersecurity solutions\",\"publisher\":{\"@id\":\"https:\\\/\\\/hsclabs.com\\\/pt-br\\\/#organization\"},\"potentialAction\":[{\"@type\":\"SearchAction\",\"target\":{\"@type\":\"EntryPoint\",\"urlTemplate\":\"https:\\\/\\\/hsclabs.com\\\/pt-br\\\/?s={search_term_string}\"},\"query-input\":{\"@type\":\"PropertyValueSpecification\",\"valueRequired\":true,\"valueName\":\"search_term_string\"}}],\"inLanguage\":\"pt-BR\"},{\"@type\":\"Organization\",\"@id\":\"https:\\\/\\\/hsclabs.com\\\/pt-br\\\/#organization\",\"name\":\"HSC Cybersecurity\",\"url\":\"https:\\\/\\\/hsclabs.com\\\/pt-br\\\/\",\"logo\":{\"@type\":\"ImageObject\",\"inLanguage\":\"pt-BR\",\"@id\":\"https:\\\/\\\/hsclabs.com\\\/pt-br\\\/#\\\/schema\\\/logo\\\/image\\\/\",\"url\":\"https:\\\/\\\/hsclabs.com\\\/wp-content\\\/uploads\\\/2023\\\/07\\\/cropped-Logo-HSC-01.png\",\"contentUrl\":\"https:\\\/\\\/hsclabs.com\\\/wp-content\\\/uploads\\\/2023\\\/07\\\/cropped-Logo-HSC-01.png\",\"width\":1496,\"height\":510,\"caption\":\"HSC Cybersecurity\"},\"image\":{\"@id\":\"https:\\\/\\\/hsclabs.com\\\/pt-br\\\/#\\\/schema\\\/logo\\\/image\\\/\"},\"sameAs\":[\"https:\\\/\\\/www.linkedin.com\\\/company\\\/high-security-center\\\/\",\"https:\\\/\\\/www.instagram.com\\\/hsclabs\"]}]}<\/script>\n<!-- \/ Yoast SEO plugin. -->","yoast_head_json":{"title":"Inicie o seu Free Trial - HSC Labs","description":"Experimente a seguran\u00e7a de pr\u00f3xima gera\u00e7\u00e3o. Comece o seu teste gratuito de 15 dias.","robots":{"index":"index","follow":"follow","max-snippet":"max-snippet:-1","max-image-preview":"max-image-preview:large","max-video-preview":"max-video-preview:-1"},"canonical":"https:\/\/hsclabs.com\/pt-br\/free-trial\/","og_locale":"pt_BR","og_type":"article","og_title":"Inicie o seu Free Trial - HSC Labs","og_description":"Experimente a seguran\u00e7a de pr\u00f3xima gera\u00e7\u00e3o. Comece o seu teste gratuito de 15 dias.","og_url":"https:\/\/hsclabs.com\/pt-br\/free-trial\/","og_site_name":"HSC Labs","article_modified_time":"2024-10-10T20:08:12+00:00","og_image":[{"width":2000,"height":1130,"url":"https:\/\/hsclabs.com\/wp-content\/uploads\/2023\/09\/Free-Trial-HSC-top.jpg","type":"image\/jpeg"}],"twitter_card":"summary_large_image","twitter_misc":{"Est. tempo de leitura":"1 minuto"},"schema":{"@context":"https:\/\/schema.org","@graph":[{"@type":"WebPage","@id":"https:\/\/hsclabs.com\/pt-br\/free-trial\/","url":"https:\/\/hsclabs.com\/pt-br\/free-trial\/","name":"Inicie o seu Free Trial - HSC Labs","isPartOf":{"@id":"https:\/\/hsclabs.com\/pt-br\/#website"},"primaryImageOfPage":{"@id":"https:\/\/hsclabs.com\/pt-br\/free-trial\/#primaryimage"},"image":{"@id":"https:\/\/hsclabs.com\/pt-br\/free-trial\/#primaryimage"},"thumbnailUrl":"https:\/\/hsclabs.com\/wp-content\/uploads\/2023\/09\/Free-Trial-HSC-top.jpg","datePublished":"2023-08-02T15:52:53+00:00","dateModified":"2024-10-10T20:08:12+00:00","description":"Experimente a seguran\u00e7a de pr\u00f3xima gera\u00e7\u00e3o. Comece o seu teste gratuito de 15 dias.","breadcrumb":{"@id":"https:\/\/hsclabs.com\/pt-br\/free-trial\/#breadcrumb"},"inLanguage":"pt-BR","potentialAction":[{"@type":"ReadAction","target":["https:\/\/hsclabs.com\/pt-br\/free-trial\/"]}]},{"@type":"ImageObject","inLanguage":"pt-BR","@id":"https:\/\/hsclabs.com\/pt-br\/free-trial\/#primaryimage","url":"https:\/\/hsclabs.com\/wp-content\/uploads\/2023\/09\/Free-Trial-HSC-top.jpg","contentUrl":"https:\/\/hsclabs.com\/wp-content\/uploads\/2023\/09\/Free-Trial-HSC-top.jpg","width":2000,"height":1130},{"@type":"BreadcrumbList","@id":"https:\/\/hsclabs.com\/pt-br\/free-trial\/#breadcrumb","itemListElement":[{"@type":"ListItem","position":1,"name":"Home","item":"https:\/\/hsclabs.com\/pt-br\/"},{"@type":"ListItem","position":2,"name":"Inicie o seu Free Trial"}]},{"@type":"WebSite","@id":"https:\/\/hsclabs.com\/pt-br\/#website","url":"https:\/\/hsclabs.com\/pt-br\/","name":"HSC Cybersecurity","description":"Full-scope cybersecurity solutions","publisher":{"@id":"https:\/\/hsclabs.com\/pt-br\/#organization"},"potentialAction":[{"@type":"SearchAction","target":{"@type":"EntryPoint","urlTemplate":"https:\/\/hsclabs.com\/pt-br\/?s={search_term_string}"},"query-input":{"@type":"PropertyValueSpecification","valueRequired":true,"valueName":"search_term_string"}}],"inLanguage":"pt-BR"},{"@type":"Organization","@id":"https:\/\/hsclabs.com\/pt-br\/#organization","name":"HSC Cybersecurity","url":"https:\/\/hsclabs.com\/pt-br\/","logo":{"@type":"ImageObject","inLanguage":"pt-BR","@id":"https:\/\/hsclabs.com\/pt-br\/#\/schema\/logo\/image\/","url":"https:\/\/hsclabs.com\/wp-content\/uploads\/2023\/07\/cropped-Logo-HSC-01.png","contentUrl":"https:\/\/hsclabs.com\/wp-content\/uploads\/2023\/07\/cropped-Logo-HSC-01.png","width":1496,"height":510,"caption":"HSC Cybersecurity"},"image":{"@id":"https:\/\/hsclabs.com\/pt-br\/#\/schema\/logo\/image\/"},"sameAs":["https:\/\/www.linkedin.com\/company\/high-security-center\/","https:\/\/www.instagram.com\/hsclabs"]}]}},"_links":{"self":[{"href":"https:\/\/hsclabs.com\/pt-br\/wp-json\/wp\/v2\/pages\/6295","targetHints":{"allow":["GET"]}}],"collection":[{"href":"https:\/\/hsclabs.com\/pt-br\/wp-json\/wp\/v2\/pages"}],"about":[{"href":"https:\/\/hsclabs.com\/pt-br\/wp-json\/wp\/v2\/types\/page"}],"author":[{"embeddable":true,"href":"https:\/\/hsclabs.com\/pt-br\/wp-json\/wp\/v2\/users\/1"}],"replies":[{"embeddable":true,"href":"https:\/\/hsclabs.com\/pt-br\/wp-json\/wp\/v2\/comments?post=6295"}],"version-history":[{"count":4,"href":"https:\/\/hsclabs.com\/pt-br\/wp-json\/wp\/v2\/pages\/6295\/revisions"}],"predecessor-version":[{"id":6617,"href":"https:\/\/hsclabs.com\/pt-br\/wp-json\/wp\/v2\/pages\/6295\/revisions\/6617"}],"wp:featuredmedia":[{"embeddable":true,"href":"https:\/\/hsclabs.com\/pt-br\/wp-json\/wp\/v2\/media\/5616"}],"wp:attachment":[{"href":"https:\/\/hsclabs.com\/pt-br\/wp-json\/wp\/v2\/media?parent=6295"}],"curies":[{"name":"wp","href":"https:\/\/api.w.org\/{rel}","templated":true}]}}